{"id":93,"date":"2013-12-23T11:30:02","date_gmt":"2013-12-23T09:30:02","guid":{"rendered":"http:\/\/www.kasra.com.tr\/?page_id=93"},"modified":"2022-02-25T15:54:42","modified_gmt":"2022-02-25T12:54:42","slug":"categories-dassurance","status":"publish","type":"page","link":"https:\/\/www.kasra.com.tr\/fr\/categories-dassurance\/","title":{"rendered":"Categories D&rsquo;Assurance"},"content":{"rendered":"<p>[et_pb_section fb_built=\u00a0\u00bb1&Prime; fullwidth=\u00a0\u00bbon\u00a0\u00bb _builder_version=\u00a0\u00bb4.14.8&Prime; _module_preset=\u00a0\u00bbdefault\u00a0\u00bb global_colors_info=\u00a0\u00bb{}\u00a0\u00bb][et_pb_fullwidth_image src=\u00a0\u00bbhttps:\/\/www.kasra.com.tr\/wp-content\/uploads\/2013\/12\/sigorta-cesitleri250.jpg\u00a0\u00bb title_text=\u00a0\u00bbsigorta-cesitleri250&Prime; _builder_version=\u00a0\u00bb4.14.8&Prime; _module_preset=\u00a0\u00bbdefault\u00a0\u00bb global_colors_info=\u00a0\u00bb{}\u00a0\u00bb][\/et_pb_fullwidth_image][\/et_pb_section][et_pb_section fb_built=\u00a0\u00bb1&Prime; admin_label=\u00a0\u00bbsection\u00a0\u00bb _builder_version=\u00a0\u00bb4.14.8&Prime; custom_padding=\u00a0\u00bb30px||||false|false\u00a0\u00bb global_colors_info=\u00a0\u00bb{}\u00a0\u00bb][et_pb_row admin_label=\u00a0\u00bbrow\u00a0\u00bb _builder_version=\u00a0\u00bb3.25&Prime; background_size=\u00a0\u00bbinitial\u00a0\u00bb background_position=\u00a0\u00bbtop_left\u00a0\u00bb background_repeat=\u00a0\u00bbrepeat\u00a0\u00bb global_colors_info=\u00a0\u00bb{}\u00a0\u00bb][et_pb_column type=\u00a0\u00bb4_4&Prime; _builder_version=\u00a0\u00bb3.25&Prime; custom_padding=\u00a0\u00bb|||\u00a0\u00bb global_colors_info=\u00a0\u00bb{}\u00a0\u00bb custom_padding__hover=\u00a0\u00bb|||\u00a0\u00bb][et_pb_text admin_label=\u00a0\u00bbText\u00a0\u00bb _builder_version=\u00a0\u00bb4.14.8&Prime; background_size=\u00a0\u00bbinitial\u00a0\u00bb background_position=\u00a0\u00bbtop_left\u00a0\u00bb background_repeat=\u00a0\u00bbrepeat\u00a0\u00bb hover_enabled=\u00a0\u00bb0&Prime; global_colors_info=\u00a0\u00bb{}\u00a0\u00bb sticky_enabled=\u00a0\u00bb0&Prime;]<\/p>\n<h1>Categories D\u2019Assurance<\/h1>\n<p>[\/et_pb_text][et_pb_text _builder_version=\u00a0\u00bb4.14.8&Prime; _module_preset=\u00a0\u00bbdefault\u00a0\u00bb header_text_color=\u00a0\u00bb#33cc00&Prime; header_2_text_align=\u00a0\u00bbcenter\u00a0\u00bb header_2_text_color=\u00a0\u00bb#33cc00&Prime; custom_margin=\u00a0\u00bb80px||80px||true|false\u00a0\u00bb custom_padding=\u00a0\u00bb10px||||false|false\u00a0\u00bb hover_enabled=\u00a0\u00bb0&Prime; border_width_top=\u00a0\u00bb8px\u00a0\u00bb border_color_top=\u00a0\u00bb#f4f4f4&Prime; border_width_bottom=\u00a0\u00bb8px\u00a0\u00bb border_color_bottom=\u00a0\u00bb#f4f4f4&Prime; global_colors_info=\u00a0\u00bb{}\u00a0\u00bb sticky_enabled=\u00a0\u00bb0&Prime;]<\/p>\n<h2>Under Construction<\/h2>\n<p>[\/et_pb_text][\/et_pb_column][\/et_pb_row][\/et_pb_section]<\/p>\n","protected":false},"excerpt":{"rendered":"<p>Categories D\u2019AssuranceUnder Construction<\/p>\n","protected":false},"author":2,"featured_media":0,"parent":0,"menu_order":200,"comment_status":"closed","ping_status":"closed","template":"","meta":{"_et_pb_use_builder":"on","_et_pb_old_content":"[vc_row][vc_column][vc_column_text]<img class=\"aligncenter size-full wp-image-183\" alt=\"sigorta-cesitleri250\" src=\"https:\/\/www.kasra.com.tr\/wp-content\/uploads\/2013\/12\/sigorta-cesitleri250.jpg\" width=\"1200\" height=\"250\" \/>[\/vc_column_text][\/vc_column][\/vc_row][vc_row el_class=\"pagepadpad\" bg_fill=\"cover\" inertia=\"0.1\"][vc_column width=\"1\/1\"][vc_column_text]\r\n<h1 style=\"margin-top: -20px;\">Sigorta \u00c7e\u015fitleri<\/h1>\r\n[\/vc_column_text][\/vc_column][\/vc_row][vc_row el_class=\"pagepadpad\" bg_fill=\"cover\" inertia=\"0.1\"][vc_column width=\"1\/1\"][vc_column_text]\r\n<h2>Yap\u0131m a\u015famas\u0131nda<\/h2>\r\n[\/vc_column_text][\/vc_column][\/vc_row]","_et_gb_content_width":"","footnotes":""},"aioseo_notices":[],"_links":{"self":[{"href":"https:\/\/www.kasra.com.tr\/fr\/wp-json\/wp\/v2\/pages\/93"}],"collection":[{"href":"https:\/\/www.kasra.com.tr\/fr\/wp-json\/wp\/v2\/pages"}],"about":[{"href":"https:\/\/www.kasra.com.tr\/fr\/wp-json\/wp\/v2\/types\/page"}],"author":[{"embeddable":true,"href":"https:\/\/www.kasra.com.tr\/fr\/wp-json\/wp\/v2\/users\/2"}],"replies":[{"embeddable":true,"href":"https:\/\/www.kasra.com.tr\/fr\/wp-json\/wp\/v2\/comments?post=93"}],"version-history":[{"count":0,"href":"https:\/\/www.kasra.com.tr\/fr\/wp-json\/wp\/v2\/pages\/93\/revisions"}],"wp:attachment":[{"href":"https:\/\/www.kasra.com.tr\/fr\/wp-json\/wp\/v2\/media?parent=93"}],"curies":[{"name":"wp","href":"https:\/\/api.w.org\/{rel}","templated":true}]}}