{"id":69,"date":"2013-12-23T12:33:34","date_gmt":"2013-12-23T10:33:34","guid":{"rendered":"http:\/\/www.kasra.com.tr\/?page_id=69"},"modified":"2022-02-25T15:56:52","modified_gmt":"2022-02-25T12:56:52","slug":"contactez-nous","status":"publish","type":"page","link":"https:\/\/www.kasra.com.tr\/fr\/contactez-nous\/","title":{"rendered":"Contactez-Nous"},"content":{"rendered":"<p>[et_pb_section fb_built=\u00a0\u00bb1&Prime; fullwidth=\u00a0\u00bbon\u00a0\u00bb _builder_version=\u00a0\u00bb4.14.8&Prime; _module_preset=\u00a0\u00bbdefault\u00a0\u00bb global_colors_info=\u00a0\u00bb{}\u00a0\u00bb][et_pb_fullwidth_image src=\u00a0\u00bbhttps:\/\/www.kasra.com.tr\/wp-content\/uploads\/2013\/12\/contact250.jpg\u00a0\u00bb title_text=\u00a0\u00bbcontact250&Prime; _builder_version=\u00a0\u00bb4.14.8&Prime; _module_preset=\u00a0\u00bbdefault\u00a0\u00bb global_colors_info=\u00a0\u00bb{}\u00a0\u00bb][\/et_pb_fullwidth_image][\/et_pb_section][et_pb_section fb_built=\u00a0\u00bb1&Prime; admin_label=\u00a0\u00bbsection\u00a0\u00bb _builder_version=\u00a0\u00bb4.14.8&Prime; custom_padding=\u00a0\u00bb30px||||false|false\u00a0\u00bb global_colors_info=\u00a0\u00bb{}\u00a0\u00bb][et_pb_row admin_label=\u00a0\u00bbrow\u00a0\u00bb _builder_version=\u00a0\u00bb3.25&Prime; background_size=\u00a0\u00bbinitial\u00a0\u00bb background_position=\u00a0\u00bbtop_left\u00a0\u00bb background_repeat=\u00a0\u00bbrepeat\u00a0\u00bb global_colors_info=\u00a0\u00bb{}\u00a0\u00bb][et_pb_column type=\u00a0\u00bb4_4&Prime; _builder_version=\u00a0\u00bb3.25&Prime; custom_padding=\u00a0\u00bb|||\u00a0\u00bb global_colors_info=\u00a0\u00bb{}\u00a0\u00bb custom_padding__hover=\u00a0\u00bb|||\u00a0\u00bb][et_pb_text admin_label=\u00a0\u00bbText\u00a0\u00bb _builder_version=\u00a0\u00bb4.14.8&Prime; background_size=\u00a0\u00bbinitial\u00a0\u00bb background_position=\u00a0\u00bbtop_left\u00a0\u00bb background_repeat=\u00a0\u00bbrepeat\u00a0\u00bb hover_enabled=\u00a0\u00bb0&Prime; global_colors_info=\u00a0\u00bb{}\u00a0\u00bb sticky_enabled=\u00a0\u00bb0&Prime;]<\/p>\n<h1>Contactez-Nous<\/h1>\n<p>[\/et_pb_text][\/et_pb_column][\/et_pb_row][et_pb_row column_structure=\u00a0\u00bb1_2,1_2&Prime; _builder_version=\u00a0\u00bb4.14.8&Prime; _module_preset=\u00a0\u00bbdefault\u00a0\u00bb global_colors_info=\u00a0\u00bb{}\u00a0\u00bb][et_pb_column type=\u00a0\u00bb1_2&Prime; _builder_version=\u00a0\u00bb4.14.8&Prime; _module_preset=\u00a0\u00bbdefault\u00a0\u00bb global_colors_info=\u00a0\u00bb{}\u00a0\u00bb][et_pb_text admin_label=\u00a0\u00bbText\u00a0\u00bb _builder_version=\u00a0\u00bb4.14.8&Prime; background_size=\u00a0\u00bbinitial\u00a0\u00bb background_position=\u00a0\u00bbtop_left\u00a0\u00bb background_repeat=\u00a0\u00bbrepeat\u00a0\u00bb custom_margin=\u00a0\u00bb||3px|||\u00a0\u00bb custom_padding=\u00a0\u00bb30px||||false|false\u00a0\u00bb hover_enabled=\u00a0\u00bb0&Prime; global_colors_info=\u00a0\u00bb{}\u00a0\u00bb sticky_enabled=\u00a0\u00bb0&Prime;]<\/p>\n<p><img decoding=\"async\" alt=\"\" data-src=\"https:\/\/www.kasra.com.tr\/site_images\/arrow.gif\" width=\"12\" height=\"11\" src=\"data:image\/svg+xml;base64,PHN2ZyB3aWR0aD0iMSIgaGVpZ2h0PSIxIiB4bWxucz0iaHR0cDovL3d3dy53My5vcmcvMjAwMC9zdmciPjwvc3ZnPg==\" class=\"lazyload\" style=\"--smush-placeholder-width: 12px; --smush-placeholder-aspect-ratio: 12\/11;\" \/> Informations de Contact<\/p>\n<p>Adresse: Atat\u00fcrk Bulvar\u0131 No: 148\/A Kavakl\u0131dere \/ Ankara 06680<\/p>\n<p>T\u00e9l\u00e9phone: (0312) 468 0 468 (Pbx)<\/p>\n<p>T\u00e9l\u00e9copie: (0312) 467 54 67 \/ (0312) 468 44 04<\/p>\n<p>E-Mail : <a href=\"mailto:info@kasra.com.tr\">info@kasra.com.tr<\/a><\/p>\n<p>[\/et_pb_text][\/et_pb_column][et_pb_column type=\u00a0\u00bb1_2&Prime; _builder_version=\u00a0\u00bb4.14.8&Prime; _module_preset=\u00a0\u00bbdefault\u00a0\u00bb global_colors_info=\u00a0\u00bb{}\u00a0\u00bb][et_pb_code _builder_version=\u00a0\u00bb4.14.8&Prime; _module_preset=\u00a0\u00bbdefault\u00a0\u00bb global_colors_info=\u00a0\u00bb{}\u00a0\u00bb]<iframe data-src=\"https:\/\/www.google.com\/maps\/embed?pb=!1m18!1m12!1m3!1d3060.8957195393223!2d32.858188315638145!3d39.89896697942865!2m3!1f0!2f0!3f0!3m2!1i1024!2i768!4f13.1!3m3!1m2!1s0x14d34f9920e8bfc3%3A0x8c45ceda2e63f8c1!2zw4dhbmtheWEsIEF0YXTDvHJrIEJsdiBObzoxNDgsIDA2NjkwIMOHYW5rYXlhL0Fua2FyYQ!5e0!3m2!1sen!2str!4v1645791673722!5m2!1sen!2str\" width=\"600\" height=\"450\" style=\"border:0;\" allowfullscreen=\"\" src=\"data:image\/svg+xml;base64,PHN2ZyB3aWR0aD0iMSIgaGVpZ2h0PSIxIiB4bWxucz0iaHR0cDovL3d3dy53My5vcmcvMjAwMC9zdmciPjwvc3ZnPg==\" class=\"lazyload\" data-load-mode=\"1\"><\/iframe>[\/et_pb_code][\/et_pb_column][\/et_pb_row][\/et_pb_section]<\/p>\n","protected":false},"excerpt":{"rendered":"<p>Contactez-Nous Informations de Contact Adresse: Atat\u00fcrk Bulvar\u0131 No: 148\/A Kavakl\u0131dere \/ Ankara 06680 T\u00e9l\u00e9phone: (0312) 468 0 468 (Pbx) T\u00e9l\u00e9copie: (0312) 467 54 67 \/ (0312) 468 44 04 E-Mail : info@kasra.com.tr<\/p>\n","protected":false},"author":2,"featured_media":0,"parent":0,"menu_order":500,"comment_status":"closed","ping_status":"closed","template":"","meta":{"_et_pb_use_builder":"on","_et_pb_old_content":"[vc_row][vc_column width=\"1\/1\"][vc_column_text]<img class=\"aligncenter size-full wp-image-238\" alt=\"contact250\" src=\"https:\/\/www.kasra.com.tr\/wp-content\/uploads\/2013\/12\/contact250.jpg\" width=\"1200\" height=\"250\" \/>[\/vc_column_text][\/vc_column][\/vc_row][vc_row el_class=\"pagepadpad\" bg_fill=\"cover\" inertia=\"0.1\"][vc_column width=\"1\/1\"][vc_column_text]\r\n<h1>Bize Ula\u015f\u0131n<\/h1>\r\n[\/vc_column_text][\/vc_column][\/vc_row][vc_row el_class=\"pagepadpad\" bg_fill=\"cover\" inertia=\"0.1\"][vc_column width=\"1\/1\"][headline_box text=\"Uzmanlar\u0131m\u0131z sigorta ile ilgili akl\u0131n\u0131za tak\u0131lan her konuda sizlere yard\u0131mc\u0131 olmaktan mutluluk duyar.\"][\/vc_column][\/vc_row][vc_row el_class=\"pagepadpad\" bg_fill=\"cover\" inertia=\"0.1\"][vc_column width=\"1\/2\"][vc_column_text]<img alt=\"\" src=\"https:\/\/www.kasra.com.tr\/site_images\/arrow.gif\" width=\"12\" height=\"11\" \/> \u0130leti\u015fim Bilgileri\r\n\r\nAdres: Atat\u00fcrk Bulvar\u0131 No: 148\/A Kavakl\u0131dere \/ Ankara 06680\r\n\r\nTelefon : (0312) 468 0 468 (Pbx)\r\n\r\nFax : (0312) 467 54 67 \/ (0312) 468 44 04\r\n\r\nE-Mail : <a href=\"mailto:info@kasra.com.tr\">info@kasra.com.tr<\/a>\r\n\r\n<img alt=\"\" src=\"https:\/\/www.kasra.com.tr\/site_images\/arrow.gif\" width=\"12\" height=\"11\" \/> <a href=\"https:\/\/www.kasra.com.tr\/is-basvuru-formu\/\" target=\"_blank\">\u0130\u015f Ba\u015fvuru Formu<\/a>[\/vc_column_text][\/vc_column][vc_column width=\"1\/2\"][vc_column_text]<iframe src=\"http:\/\/maps.google.com\/maps?f=q&source=s_q&hl=en&geocode=&q=atat%C3%BCrk+bulvar%C4%B1+148+ankara&aq=&sll=37.0625,-95.677068&sspn=58.685917,135.263672&ie=UTF8&hq=&hnear=%C3%87ankaya+Mh.,+Atat%C3%BCrk+Blv+148,+Ankara%2F%C3%87ankaya,+Turkey&ll=39.899794,32.860386&spn=0.007572,0.009849&z=16&iwloc=A&output=embed\" height=\"460\" width=\"460\" frameborder=\"0\" marginwidth=\"0\" marginheight=\"0\" scrolling=\"no\"><\/iframe>\r\n<small><a style=\"color: #0000ff; text-align: left;\" href=\"http:\/\/maps.google.com\/maps?f=q&source=embed&hl=en&geocode=&q=atat%C3%BCrk+bulvar%C4%B1+148+ankara&aq=&sll=37.0625,-95.677068&sspn=58.685917,135.263672&ie=UTF8&hq=&hnear=%C3%87ankaya+Mh.,+Atat%C3%BCrk+Blv+148,+Ankara%2F%C3%87ankaya,+Turkey&ll=39.899794,32.860386&spn=0.007572,0.009849&z=16&iwloc=A\" target=\"_blank\">Haritay\u0131 daha b\u00fcy\u00fck g\u00f6rmek i\u00e7in t\u0131klay\u0131n<\/a><\/small>[\/vc_column_text][\/vc_column][\/vc_row]","_et_gb_content_width":"","footnotes":""},"aioseo_notices":[],"_links":{"self":[{"href":"https:\/\/www.kasra.com.tr\/fr\/wp-json\/wp\/v2\/pages\/69"}],"collection":[{"href":"https:\/\/www.kasra.com.tr\/fr\/wp-json\/wp\/v2\/pages"}],"about":[{"href":"https:\/\/www.kasra.com.tr\/fr\/wp-json\/wp\/v2\/types\/page"}],"author":[{"embeddable":true,"href":"https:\/\/www.kasra.com.tr\/fr\/wp-json\/wp\/v2\/users\/2"}],"replies":[{"embeddable":true,"href":"https:\/\/www.kasra.com.tr\/fr\/wp-json\/wp\/v2\/comments?post=69"}],"version-history":[{"count":0,"href":"https:\/\/www.kasra.com.tr\/fr\/wp-json\/wp\/v2\/pages\/69\/revisions"}],"wp:attachment":[{"href":"https:\/\/www.kasra.com.tr\/fr\/wp-json\/wp\/v2\/media?parent=69"}],"curies":[{"name":"wp","href":"https:\/\/api.w.org\/{rel}","templated":true}]}}