{"id":133,"date":"2013-12-23T10:57:48","date_gmt":"2013-12-23T08:57:48","guid":{"rendered":"http:\/\/www.kasra.com.tr\/?page_id=133"},"modified":"2022-02-25T15:49:30","modified_gmt":"2022-02-25T12:49:30","slug":"ana-sayfa","status":"publish","type":"page","link":"https:\/\/www.kasra.com.tr\/fr\/","title":{"rendered":"Accueil"},"content":{"rendered":"<p>[et_pb_section fb_built=\u00a0\u00bb1&Prime; fullwidth=\u00a0\u00bbon\u00a0\u00bb _builder_version=\u00a0\u00bb4.14.8&Prime; _module_preset=\u00a0\u00bbdefault\u00a0\u00bb global_colors_info=\u00a0\u00bb{}\u00a0\u00bb][et_pb_fullwidth_slider _builder_version=\u00a0\u00bb4.14.8&Prime; _module_preset=\u00a0\u00bbdefault\u00a0\u00bb hover_enabled=\u00a0\u00bb0&Prime; global_colors_info=\u00a0\u00bb{}\u00a0\u00bb sticky_enabled=\u00a0\u00bb0&Prime;][et_pb_slide heading=\u00a0\u00bbExp\u00e9rience de plus de 45 ans\u00a0\u00bb arrows_custom_color=\u00a0\u00bb#1f4ca5&Prime; dot_nav_custom_color=\u00a0\u00bb#1f4ca5&Prime; _builder_version=\u00a0\u00bb4.14.8&Prime; _module_preset=\u00a0\u00bbdefault\u00a0\u00bb header_text_color=\u00a0\u00bb#1f4ca5&Prime; header_font_size=\u00a0\u00bb40px\u00a0\u00bb body_text_color=\u00a0\u00bb#1f4ca5&Prime; body_font_size=\u00a0\u00bb22px\u00a0\u00bb body_line_height=\u00a0\u00bb1.5em\u00a0\u00bb background_enable_color=\u00a0\u00bboff\u00a0\u00bb background_image=\u00a0\u00bbhttps:\/\/www.kasra.com.tr\/wp-content\/uploads\/2022\/02\/slide-1.jpg\u00a0\u00bb background_enable_image=\u00a0\u00bbon\u00a0\u00bb text_orientation=\u00a0\u00bbright\u00a0\u00bb max_width=\u00a0\u00bb700px\u00a0\u00bb hover_enabled=\u00a0\u00bb0&Prime; custom_css_slide_container=\u00a0\u00bbfloat: right !important;\u00a0\u00bb header_text_shadow_style=\u00a0\u00bbpreset1&Prime; header_text_shadow_color=\u00a0\u00bbrgba(255,255,255,0.4)\u00a0\u00bb body_text_shadow_style=\u00a0\u00bbpreset1&Prime; body_text_shadow_color=\u00a0\u00bb#FFFFFF\u00a0\u00bb global_colors_info=\u00a0\u00bb{}\u00a0\u00bb sticky_transition=\u00a0\u00bbon\u00a0\u00bb sticky_enabled=\u00a0\u00bb0&Prime;]<\/p>\n<p>Kasra, est l\u2019une des agences d\u2019assurance d\u2019avant garde dans le secteur Turc d\u2019assurance, gr\u00e2ce \u00e0 son exp\u00e9rience et son expertise dans le domaine depuis plus de 45 ans<\/p>\n<p>[\/et_pb_slide][et_pb_slide heading=\u00a0\u00bbVoyager \u00e0 l\u2019\u00e9tranger\u00a0\u00bb _builder_version=\u00a0\u00bb4.14.8&Prime; _module_preset=\u00a0\u00bbdefault\u00a0\u00bb header_text_color=\u00a0\u00bb#FFFFFF\u00a0\u00bb header_font_size=\u00a0\u00bb40px\u00a0\u00bb body_text_color=\u00a0\u00bb#FFFFFF\u00a0\u00bb body_font_size=\u00a0\u00bb22px\u00a0\u00bb body_line_height=\u00a0\u00bb1.5em\u00a0\u00bb background_enable_color=\u00a0\u00bboff\u00a0\u00bb background_image=\u00a0\u00bbhttps:\/\/www.kasra.com.tr\/wp-content\/uploads\/2013\/12\/seyahat-yurt-disi-seyahat-sigortalari1200.jpg\u00a0\u00bb background_enable_image=\u00a0\u00bbon\u00a0\u00bb text_orientation=\u00a0\u00bbright\u00a0\u00bb max_width=\u00a0\u00bb600px\u00a0\u00bb hover_enabled=\u00a0\u00bb0&Prime; custom_css_slide_container=\u00a0\u00bbfloat: right !important;\u00a0\u00bb header_text_shadow_style=\u00a0\u00bbpreset1&Prime; body_text_shadow_style=\u00a0\u00bbpreset1&Prime; body_text_shadow_color=\u00a0\u00bbrgba(0,0,0,0.69)\u00a0\u00bb global_colors_info=\u00a0\u00bb{}\u00a0\u00bb sticky_transition=\u00a0\u00bbon\u00a0\u00bb sticky_enabled=\u00a0\u00bb0&Prime;]<\/p>\n<p>N\u2019h\u00e9sitez pas \u00e0 nous contacter pour vous renseigner sur ler cat\u00e9gories d\u2019Assurance de voyage \u00e0 l\u2019\u00e9tranger et de maladie\u2026 <\/p>\n<p>[\/et_pb_slide][et_pb_slide heading=\u00a0\u00bbL\u2019assurance automobile\u00a0\u00bb _builder_version=\u00a0\u00bb4.14.8&Prime; _module_preset=\u00a0\u00bbdefault\u00a0\u00bb header_text_color=\u00a0\u00bb#FFFFFF\u00a0\u00bb header_font_size=\u00a0\u00bb40px\u00a0\u00bb body_text_color=\u00a0\u00bb#FFFFFF\u00a0\u00bb body_font_size=\u00a0\u00bb22px\u00a0\u00bb body_line_height=\u00a0\u00bb1.5em\u00a0\u00bb background_enable_color=\u00a0\u00bboff\u00a0\u00bb background_image=\u00a0\u00bbhttps:\/\/www.kasra.com.tr\/wp-content\/uploads\/2013\/12\/trafik-kasko-sigortalari1200.jpg\u00a0\u00bb background_enable_image=\u00a0\u00bbon\u00a0\u00bb text_orientation=\u00a0\u00bbright\u00a0\u00bb max_width=\u00a0\u00bb540px\u00a0\u00bb hover_enabled=\u00a0\u00bb0&Prime; custom_css_slide_container=\u00a0\u00bbfloat: right !important;\u00a0\u00bb header_text_shadow_style=\u00a0\u00bbpreset1&Prime; body_text_shadow_style=\u00a0\u00bbpreset1&Prime; body_text_shadow_color=\u00a0\u00bbrgba(0,0,0,0.69)\u00a0\u00bb global_colors_info=\u00a0\u00bb{}\u00a0\u00bb sticky_transition=\u00a0\u00bbon\u00a0\u00bb sticky_enabled=\u00a0\u00bb0&Prime;]<\/p>\n<p>Le plus grand choix et les prix convenables pour les polices de circulation et de Casco sont chez Kasra\u2026 <\/p>\n<p>[\/et_pb_slide][et_pb_slide heading=\u00a0\u00bbNous serons avec vous\u00a0\u00bb _builder_version=\u00a0\u00bb4.14.8&Prime; _module_preset=\u00a0\u00bbdefault\u00a0\u00bb header_text_color=\u00a0\u00bb#FFFFFF\u00a0\u00bb header_font_size=\u00a0\u00bb40px\u00a0\u00bb body_text_color=\u00a0\u00bb#FFFFFF\u00a0\u00bb body_font_size=\u00a0\u00bb22px\u00a0\u00bb body_line_height=\u00a0\u00bb1.5em\u00a0\u00bb background_enable_color=\u00a0\u00bboff\u00a0\u00bb background_image=\u00a0\u00bbhttps:\/\/www.kasra.com.tr\/wp-content\/uploads\/2013\/12\/en-kotu-gununuzde-yaninizdayiz1200.jpg\u00a0\u00bb background_enable_image=\u00a0\u00bbon\u00a0\u00bb text_orientation=\u00a0\u00bbright\u00a0\u00bb max_width=\u00a0\u00bb500px\u00a0\u00bb hover_enabled=\u00a0\u00bb0&Prime; custom_css_slide_container=\u00a0\u00bbfloat: right !important;\u00a0\u00bb header_text_shadow_style=\u00a0\u00bbpreset1&Prime; body_text_shadow_style=\u00a0\u00bbpreset1&Prime; body_text_shadow_color=\u00a0\u00bbrgba(0,0,0,0.69)\u00a0\u00bb global_colors_info=\u00a0\u00bb{}\u00a0\u00bb sticky_transition=\u00a0\u00bbon\u00a0\u00bb sticky_enabled=\u00a0\u00bb0&Prime;]<\/p>\n<p>Nous sommes tout pr\u00e9s de vous, m\u00eame dans vos instants le plus pessimistes <\/p>\n<p>[\/et_pb_slide][et_pb_slide _builder_version=\u00a0\u00bb4.14.8&Prime; _module_preset=\u00a0\u00bbdefault\u00a0\u00bb header_text_color=\u00a0\u00bb#FFFFFF\u00a0\u00bb header_font_size=\u00a0\u00bb40px\u00a0\u00bb body_text_color=\u00a0\u00bb#FFFFFF\u00a0\u00bb body_font_size=\u00a0\u00bb23px\u00a0\u00bb body_line_height=\u00a0\u00bb1.5em\u00a0\u00bb background_enable_color=\u00a0\u00bboff\u00a0\u00bb background_image=\u00a0\u00bbhttps:\/\/www.kasra.com.tr\/wp-content\/uploads\/2022\/02\/slide-simit.jpg\u00a0\u00bb background_enable_image=\u00a0\u00bbon\u00a0\u00bb text_orientation=\u00a0\u00bbright\u00a0\u00bb max_width=\u00a0\u00bb670px\u00a0\u00bb hover_enabled=\u00a0\u00bb0&Prime; custom_css_slide_container=\u00a0\u00bbfloat: right !important;\u00a0\u00bb header_text_shadow_style=\u00a0\u00bbpreset1&Prime; body_text_shadow_style=\u00a0\u00bbpreset1&Prime; body_text_shadow_color=\u00a0\u00bbrgba(0,0,0,0.69)\u00a0\u00bb global_colors_info=\u00a0\u00bb{}\u00a0\u00bb sticky_transition=\u00a0\u00bbon\u00a0\u00bb sticky_enabled=\u00a0\u00bb0&Prime;]<\/p>\n<p>Des cat\u00e9gories d\u2019assurance dans toutes des branches industrielles et individuelles; d\u2019automobile \u00e0 domicile, du bureau au voyage, de la retraite individuelle \u00e0 l\u2019assurance sanitaire; sont chez Kasra <\/p>\n<p>[\/et_pb_slide][\/et_pb_fullwidth_slider][\/et_pb_section][et_pb_section fb_built=\u00a0\u00bb1&Prime; _builder_version=\u00a0\u00bb4.14.8&Prime; _module_preset=\u00a0\u00bbdefault\u00a0\u00bb background_color=\u00a0\u00bb#1f4ca5&Prime; custom_padding=\u00a0\u00bb0px||0px||false|false\u00a0\u00bb global_colors_info=\u00a0\u00bb{}\u00a0\u00bb][et_pb_row _builder_version=\u00a0\u00bb4.14.8&Prime; _module_preset=\u00a0\u00bbdefault\u00a0\u00bb custom_padding=\u00a0\u00bb10px||10px||false|false\u00a0\u00bb global_colors_info=\u00a0\u00bb{}\u00a0\u00bb][et_pb_column type=\u00a0\u00bb4_4&Prime; _builder_version=\u00a0\u00bb4.14.8&Prime; _module_preset=\u00a0\u00bbdefault\u00a0\u00bb global_colors_info=\u00a0\u00bb{}\u00a0\u00bb][et_pb_text _builder_version=\u00a0\u00bb4.14.8&Prime; _module_preset=\u00a0\u00bbdefault\u00a0\u00bb text_font=\u00a0\u00bb|600|||||||\u00a0\u00bb text_text_color=\u00a0\u00bb#FFFFFF\u00a0\u00bb header_2_text_align=\u00a0\u00bbcenter\u00a0\u00bb header_2_text_color=\u00a0\u00bb#FFFFFF\u00a0\u00bb header_2_line_height=\u00a0\u00bb1.4em\u00a0\u00bb hover_enabled=\u00a0\u00bb0&Prime; global_colors_info=\u00a0\u00bb{}\u00a0\u00bb custom_padding=\u00a0\u00bb14px||||false|false\u00a0\u00bb sticky_enabled=\u00a0\u00bb0&Prime;]<\/p>\n<h2><a href=\"tel:+903124680468\">0 312 468 0 468<\/a> | <a href=\"tel:+903124680050\">0 312 468 00 50<\/a> | <a href=\"tel:+903124680721\">0 312 468 07 21<\/a> | <a href=\"mailto:kasra@kasra.com.tr\">kasra@kasra.com.tr<\/a><\/h2>\n<p>[\/et_pb_text][\/et_pb_column][\/et_pb_row][\/et_pb_section][et_pb_section fb_built=\u00a0\u00bb1&Prime; admin_label=\u00a0\u00bbsection\u00a0\u00bb _builder_version=\u00a0\u00bb4.14.8&Prime; custom_padding=\u00a0\u00bb0px||0px||false|false\u00a0\u00bb global_colors_info=\u00a0\u00bb{}\u00a0\u00bb][et_pb_row admin_label=\u00a0\u00bbrow\u00a0\u00bb _builder_version=\u00a0\u00bb3.25&Prime; background_size=\u00a0\u00bbinitial\u00a0\u00bb background_position=\u00a0\u00bbtop_left\u00a0\u00bb background_repeat=\u00a0\u00bbrepeat\u00a0\u00bb global_colors_info=\u00a0\u00bb{}\u00a0\u00bb][et_pb_column type=\u00a0\u00bb4_4&Prime; _builder_version=\u00a0\u00bb3.25&Prime; custom_padding=\u00a0\u00bb|||\u00a0\u00bb global_colors_info=\u00a0\u00bb{}\u00a0\u00bb custom_padding__hover=\u00a0\u00bb|||\u00a0\u00bb][et_pb_text admin_label=\u00a0\u00bbText\u00a0\u00bb _builder_version=\u00a0\u00bb4.14.8&Prime; header_line_height=\u00a0\u00bb1.3em\u00a0\u00bb background_size=\u00a0\u00bbinitial\u00a0\u00bb background_position=\u00a0\u00bbtop_left\u00a0\u00bb background_repeat=\u00a0\u00bbrepeat\u00a0\u00bb module_alignment=\u00a0\u00bbcenter\u00a0\u00bb hover_enabled=\u00a0\u00bb0&Prime; global_colors_info=\u00a0\u00bb{}\u00a0\u00bb sticky_enabled=\u00a0\u00bb0&Prime;]<\/p>\n<h1 style=\"text-align: center;\">Les plus grand choix de types d\u2019assurance avec les meilleurs prix!<\/h1>\n<p>[\/et_pb_text][\/et_pb_column][\/et_pb_row][et_pb_row column_structure=\u00a0\u00bb1_3,1_3,1_3&Prime; _builder_version=\u00a0\u00bb4.14.8&Prime; _module_preset=\u00a0\u00bbdefault\u00a0\u00bb global_colors_info=\u00a0\u00bb{}\u00a0\u00bb][et_pb_column type=\u00a0\u00bb1_3&Prime; _builder_version=\u00a0\u00bb4.14.8&Prime; _module_preset=\u00a0\u00bbdefault\u00a0\u00bb global_colors_info=\u00a0\u00bb{}\u00a0\u00bb][et_pb_image src=\u00a0\u00bbhttps:\/\/www.kasra.com.tr\/wp-content\/uploads\/2013\/12\/Allianz-Sigorta-250.png\u00a0\u00bb title_text=\u00a0\u00bballianz-sigorta-250&Prime; align=\u00a0\u00bbcenter\u00a0\u00bb _builder_version=\u00a0\u00bb4.14.8&Prime; _module_preset=\u00a0\u00bbdefault\u00a0\u00bb global_colors_info=\u00a0\u00bb{}\u00a0\u00bb][\/et_pb_image][\/et_pb_column][et_pb_column type=\u00a0\u00bb1_3&Prime; _builder_version=\u00a0\u00bb4.14.8&Prime; _module_preset=\u00a0\u00bbdefault\u00a0\u00bb global_colors_info=\u00a0\u00bb{}\u00a0\u00bb][et_pb_image src=\u00a0\u00bbhttps:\/\/www.kasra.com.tr\/wp-content\/uploads\/2013\/12\/Anadolu-Sigorta-250.png\u00a0\u00bb title_text=\u00a0\u00bbanadolu-sigorta-250&Prime; align=\u00a0\u00bbcenter\u00a0\u00bb _builder_version=\u00a0\u00bb4.14.8&Prime; _module_preset=\u00a0\u00bbdefault\u00a0\u00bb global_colors_info=\u00a0\u00bb{}\u00a0\u00bb][\/et_pb_image][\/et_pb_column][et_pb_column type=\u00a0\u00bb1_3&Prime; _builder_version=\u00a0\u00bb4.14.8&Prime; _module_preset=\u00a0\u00bbdefault\u00a0\u00bb global_colors_info=\u00a0\u00bb{}\u00a0\u00bb][et_pb_image src=\u00a0\u00bbhttps:\/\/www.kasra.com.tr\/wp-content\/uploads\/2013\/12\/AKSigorta-250.png\u00a0\u00bb title_text=\u00a0\u00bbaksigorta-250&Prime; align=\u00a0\u00bbcenter\u00a0\u00bb _builder_version=\u00a0\u00bb4.14.8&Prime; _module_preset=\u00a0\u00bbdefault\u00a0\u00bb global_colors_info=\u00a0\u00bb{}\u00a0\u00bb][\/et_pb_image][\/et_pb_column][\/et_pb_row][et_pb_row column_structure=\u00a0\u00bb1_2,1_2&Prime; _builder_version=\u00a0\u00bb4.14.8&Prime; _module_preset=\u00a0\u00bbdefault\u00a0\u00bb max_width=\u00a0\u00bb700px\u00a0\u00bb module_alignment=\u00a0\u00bbcenter\u00a0\u00bb global_colors_info=\u00a0\u00bb{}\u00a0\u00bb][et_pb_column type=\u00a0\u00bb1_2&Prime; _builder_version=\u00a0\u00bb4.14.8&Prime; _module_preset=\u00a0\u00bbdefault\u00a0\u00bb global_colors_info=\u00a0\u00bb{}\u00a0\u00bb][et_pb_image src=\u00a0\u00bbhttps:\/\/www.kasra.com.tr\/wp-content\/uploads\/2013\/12\/zurichLogo.png\u00a0\u00bb title_text=\u00a0\u00bbzurichlogo\u00a0\u00bb align=\u00a0\u00bbcenter\u00a0\u00bb _builder_version=\u00a0\u00bb4.14.8&Prime; _module_preset=\u00a0\u00bbdefault\u00a0\u00bb global_colors_info=\u00a0\u00bb{}\u00a0\u00bb][\/et_pb_image][\/et_pb_column][et_pb_column type=\u00a0\u00bb1_2&Prime; _builder_version=\u00a0\u00bb4.14.8&Prime; _module_preset=\u00a0\u00bbdefault\u00a0\u00bb global_colors_info=\u00a0\u00bb{}\u00a0\u00bb][et_pb_image src=\u00a0\u00bbhttps:\/\/www.kasra.com.tr\/wp-content\/uploads\/2013\/12\/Generali-Sigorta-250.png\u00a0\u00bb title_text=\u00a0\u00bbgenerali-sigorta-250&Prime; align=\u00a0\u00bbcenter\u00a0\u00bb _builder_version=\u00a0\u00bb4.14.8&Prime; _module_preset=\u00a0\u00bbdefault\u00a0\u00bb global_colors_info=\u00a0\u00bb{}\u00a0\u00bb][\/et_pb_image][\/et_pb_column][\/et_pb_row][et_pb_row _builder_version=\u00a0\u00bb4.14.8&Prime; _module_preset=\u00a0\u00bbdefault\u00a0\u00bb global_colors_info=\u00a0\u00bb{}\u00a0\u00bb][et_pb_column type=\u00a0\u00bb4_4&Prime; _builder_version=\u00a0\u00bb4.14.8&Prime; _module_preset=\u00a0\u00bbdefault\u00a0\u00bb global_colors_info=\u00a0\u00bb{}\u00a0\u00bb][\/et_pb_column][\/et_pb_row][\/et_pb_section]<\/p>\n","protected":false},"excerpt":{"rendered":"<p>Kasra, est l\u2019une des agences d\u2019assurance d\u2019avant garde dans le secteur Turc d\u2019assurance, gr\u00e2ce \u00e0 son exp\u00e9rience et son expertise dans le domaine depuis plus de 45 ansN\u2019h\u00e9sitez pas \u00e0 nous contacter pour vous renseigner sur ler cat\u00e9gories d\u2019Assurance de voyage \u00e0 l\u2019\u00e9tranger et de maladie\u2026 Le plus grand choix et les prix convenables pour [&hellip;]<\/p>\n","protected":false},"author":2,"featured_media":0,"parent":0,"menu_order":0,"comment_status":"closed","ping_status":"closed","template":"","meta":{"_et_pb_use_builder":"on","_et_pb_old_content":"[vc_row bg_fill=\"cover\" css=\".vc_custom_1586014140688{background-color: #1f4ca5 !important;}\"][vc_column][vc_column_text css=\".vc_custom_1586014721635{border-top-width: 15px !important;padding-bottom: 15px !important;}\"]\r\n<h1 style=\"text-align: center;\"><span style=\"color: #ffffff;\">Bizlere buradan ula\u015fabilirsiniz:<\/span>\r\n<span style=\"color: #ffffff;\"><a style=\"color: #ffffff;\" href=\"tel:+903124680468\">0 312 468 0 468<\/a> | <a style=\"color: #ffffff;\" href=\"tel:+903124680050\">0 312 468 00 50<\/a> | <a style=\"color: #ffffff;\" href=\"tel:+903124680721\">0 312 468 07 21<\/a> | <a style=\"color: #ffffff;\" href=\"mailto:kasra@kasra.com.tr\">kasra@kasra.com.tr<\/a><\/span><\/h1>\r\n[\/vc_column_text][\/vc_column][\/vc_row][vc_row bg_fill=\"cover\"][vc_column][vc_column_text]\r\n<h1 style=\"text-align: center;\">T\u00fcrkiye\u2019nin \u00f6nde gelen sigorta \u015firketleri ile en geni\u015f sigorta se\u00e7ene\u011fi ve en uygun fiyatlar Kasra\u2019da!<\/h1>\r\n[\/vc_column_text][\/vc_column][\/vc_row][vc_row el_class=\"pagepadpad\" bg_fill=\"cover\"][vc_column width=\"1\/3\"][vc_single_image image=\"360\" img_size=\"full\" alignment=\"center\"][\/vc_column][vc_column width=\"1\/3\"][vc_single_image image=\"356\" img_size=\"full\" alignment=\"center\"][\/vc_column][vc_column width=\"1\/3\"][vc_single_image image=\"359\" img_size=\"full\" alignment=\"center\"][\/vc_column][\/vc_row][vc_row el_class=\"pagepadpad\" bg_fill=\"cover\"][vc_column width=\"1\/4\"][\/vc_column][vc_column width=\"1\/4\"][vc_single_image image=\"362\" img_size=\"full\" alignment=\"center\"][\/vc_column][vc_column width=\"1\/4\"][vc_single_image image=\"357\" img_size=\"full\" alignment=\"center\"][\/vc_column][vc_column width=\"1\/4\"][\/vc_column][\/vc_row][vc_row bg_fill=\"cover\"][vc_column css=\".vc_custom_1615560952590{padding-right: 40px !important;padding-left: 40px !important;}\"][vc_column_text]\r\n<p style=\"text-align: left;\"><strong>Kasra Sigorta Arac\u0131l\u0131k Hizmetleri A.\u015e.<\/strong>, Allianz Sigorta A.\u015e.,\u00a0Anadolu Anonim T\u00fcrk Sigorta \u015eirketi,\u00a0Ak Sigorta A.\u015e.,\u00a0Zurich Sigorta A.\u015e.,\u00a0Generali Sigorta A.\u015e.,\u00a0Allianz Hayat ve Emeklilik A.\u015e.,\u00a0Allianz Ya\u015fam ve Emeklilik A.\u015e. sigorta \u015firketlerinin acenteli\u011fini y\u00fcr\u00fctmektedir.<\/p>\r\n[\/vc_column_text][\/vc_column][\/vc_row]","_et_gb_content_width":"","footnotes":""},"aioseo_notices":[],"_links":{"self":[{"href":"https:\/\/www.kasra.com.tr\/fr\/wp-json\/wp\/v2\/pages\/133"}],"collection":[{"href":"https:\/\/www.kasra.com.tr\/fr\/wp-json\/wp\/v2\/pages"}],"about":[{"href":"https:\/\/www.kasra.com.tr\/fr\/wp-json\/wp\/v2\/types\/page"}],"author":[{"embeddable":true,"href":"https:\/\/www.kasra.com.tr\/fr\/wp-json\/wp\/v2\/users\/2"}],"replies":[{"embeddable":true,"href":"https:\/\/www.kasra.com.tr\/fr\/wp-json\/wp\/v2\/comments?post=133"}],"version-history":[{"count":0,"href":"https:\/\/www.kasra.com.tr\/fr\/wp-json\/wp\/v2\/pages\/133\/revisions"}],"wp:attachment":[{"href":"https:\/\/www.kasra.com.tr\/fr\/wp-json\/wp\/v2\/media?parent=133"}],"curies":[{"name":"wp","href":"https:\/\/api.w.org\/{rel}","templated":true}]}}