{"id":94,"date":"2013-12-23T10:18:54","date_gmt":"2013-12-23T08:18:54","guid":{"rendered":"http:\/\/www.kasra.com.tr\/?page_id=94"},"modified":"2022-02-25T15:36:14","modified_gmt":"2022-02-25T12:36:14","slug":"about-kasra","status":"publish","type":"page","link":"https:\/\/www.kasra.com.tr\/en\/about-kasra\/","title":{"rendered":"About Kasra"},"content":{"rendered":"<p>[et_pb_section fb_built=&#8221;1&#8243; fullwidth=&#8221;on&#8221; _builder_version=&#8221;4.14.8&#8243; _module_preset=&#8221;default&#8221; global_colors_info=&#8221;{}&#8221;][et_pb_fullwidth_image src=&#8221;https:\/\/www.kasra.com.tr\/wp-content\/uploads\/2013\/12\/kasra-hakkinda250.jpg&#8221; title_text=&#8221;kasra-hakkinda250&#8243; _builder_version=&#8221;4.14.8&#8243; _module_preset=&#8221;default&#8221; global_colors_info=&#8221;{}&#8221;][\/et_pb_fullwidth_image][\/et_pb_section][et_pb_section fb_built=&#8221;1&#8243; admin_label=&#8221;section&#8221; _builder_version=&#8221;4.14.8&#8243; custom_padding=&#8221;30px||||false|false&#8221; global_colors_info=&#8221;{}&#8221;][et_pb_row admin_label=&#8221;row&#8221; _builder_version=&#8221;3.25&#8243; background_size=&#8221;initial&#8221; background_position=&#8221;top_left&#8221; background_repeat=&#8221;repeat&#8221; global_colors_info=&#8221;{}&#8221;][et_pb_column type=&#8221;4_4&#8243; _builder_version=&#8221;3.25&#8243; custom_padding=&#8221;|||&#8221; global_colors_info=&#8221;{}&#8221; custom_padding__hover=&#8221;|||&#8221;][et_pb_text admin_label=&#8221;Text&#8221; _builder_version=&#8221;4.14.8&#8243; background_size=&#8221;initial&#8221; background_position=&#8221;top_left&#8221; background_repeat=&#8221;repeat&#8221; hover_enabled=&#8221;0&#8243; global_colors_info=&#8221;{}&#8221; sticky_enabled=&#8221;0&#8243;]<\/p>\n<h1>About Kasra<\/h1>\n<p>[\/et_pb_text][et_pb_text _builder_version=&#8221;4.14.8&#8243; _module_preset=&#8221;default&#8221; header_text_color=&#8221;#33cc00&#8243; header_2_text_align=&#8221;center&#8221; header_2_text_color=&#8221;#33cc00&#8243; custom_padding=&#8221;10px||||false|false&#8221; hover_enabled=&#8221;0&#8243; border_width_top=&#8221;8px&#8221; border_color_top=&#8221;#f4f4f4&#8243; border_width_bottom=&#8221;8px&#8221; border_color_bottom=&#8221;#f4f4f4&#8243; global_colors_info=&#8221;{}&#8221; header_2_line_height=&#8221;1.3em&#8221; sticky_enabled=&#8221;0&#8243;]<\/p>\n<h2>With its expertise and experience of over 45 years, Kasra is among the pioneers of the Turkish insurance sector.<\/h2>\n<p>[\/et_pb_text][et_pb_text admin_label=&#8221;Text&#8221; _builder_version=&#8221;4.14.8&#8243; background_size=&#8221;initial&#8221; background_position=&#8221;top_left&#8221; background_repeat=&#8221;repeat&#8221; custom_padding=&#8221;30px||||false|false&#8221; hover_enabled=&#8221;0&#8243; global_colors_info=&#8221;{}&#8221; sticky_enabled=&#8221;0&#8243;]<\/p>\n<h1><img decoding=\"async\" class=\"alignleft size-full wp-image-31 lazyload\" data-src=\"https:\/\/www.kasra.com.tr\/wp-content\/uploads\/2013\/12\/kasra-hakkinda-shd.jpg\" alt=\"kasra-hakkinda-shd\" width=\"300\" height=\"342\" style=\"--smush-placeholder-width: 300px; --smush-placeholder-aspect-ratio: 300\/342;font-size: 1rem; line-height: 1.572; color: #444444;\" data-srcset=\"https:\/\/www.kasra.com.tr\/wp-content\/uploads\/2013\/12\/kasra-hakkinda-shd.jpg 300w, https:\/\/www.kasra.com.tr\/wp-content\/uploads\/2013\/12\/kasra-hakkinda-shd-263x300.jpg 263w\" data-sizes=\"(max-width: 300px) 100vw, 300px\" src=\"data:image\/svg+xml;base64,PHN2ZyB3aWR0aD0iMSIgaGVpZ2h0PSIxIiB4bWxucz0iaHR0cDovL3d3dy53My5vcmcvMjAwMC9zdmciPjwvc3ZnPg==\" \/><\/h1>\n<div id=\"page-7\">\n<div>\n<p>Kasra was founded in 1975 by a group of insurance directors and specialists, with an expertise and experience stretching back for more than 40 years. In a very short time Kasra built up an unprecedented reputation nationwide, becoming one of the largest insurance agencies of Turkey.<\/p>\n<p>Kasra, for many years, has served as an agent of Cigna S.A., Do\u011fan Sigorta A.\u015e., Atlantik Sigorta A.\u015e., \u015eark Sigorta T.A.\u015e.<\/p>\n<p>Kasra currently represents the following companies:<\/p>\n<p>&nbsp;<\/p>\n<\/div>\n<p><img decoding=\"async\" data-src=\"https:\/\/www.kasra.com.tr\/site_images\/square.gif\" alt=\"\" width=\"8\" height=\"8\" src=\"data:image\/svg+xml;base64,PHN2ZyB3aWR0aD0iMSIgaGVpZ2h0PSIxIiB4bWxucz0iaHR0cDovL3d3dy53My5vcmcvMjAwMC9zdmciPjwvc3ZnPg==\" class=\"lazyload\" style=\"--smush-placeholder-width: 8px; --smush-placeholder-aspect-ratio: 8\/8;\" \/> Allianz Sigorta A.\u015e.<br \/><img decoding=\"async\" data-src=\"https:\/\/www.kasra.com.tr\/site_images\/square.gif\" alt=\"\" width=\"8\" height=\"8\" src=\"data:image\/svg+xml;base64,PHN2ZyB3aWR0aD0iMSIgaGVpZ2h0PSIxIiB4bWxucz0iaHR0cDovL3d3dy53My5vcmcvMjAwMC9zdmciPjwvc3ZnPg==\" class=\"lazyload\" style=\"--smush-placeholder-width: 8px; --smush-placeholder-aspect-ratio: 8\/8;\" \/> Anadolu Anonim T\u00fcrk Sigorta \u015eirketi<br \/><img decoding=\"async\" data-src=\"https:\/\/www.kasra.com.tr\/site_images\/square.gif\" alt=\"\" width=\"8\" height=\"8\" src=\"data:image\/svg+xml;base64,PHN2ZyB3aWR0aD0iMSIgaGVpZ2h0PSIxIiB4bWxucz0iaHR0cDovL3d3dy53My5vcmcvMjAwMC9zdmciPjwvc3ZnPg==\" class=\"lazyload\" style=\"--smush-placeholder-width: 8px; --smush-placeholder-aspect-ratio: 8\/8;\" \/> Ak Sigorta A.\u015e.<br \/><img decoding=\"async\" data-src=\"https:\/\/www.kasra.com.tr\/site_images\/square.gif\" alt=\"\" width=\"8\" height=\"8\" src=\"data:image\/svg+xml;base64,PHN2ZyB3aWR0aD0iMSIgaGVpZ2h0PSIxIiB4bWxucz0iaHR0cDovL3d3dy53My5vcmcvMjAwMC9zdmciPjwvc3ZnPg==\" class=\"lazyload\" style=\"--smush-placeholder-width: 8px; --smush-placeholder-aspect-ratio: 8\/8;\" \/> Zurich Sigorta A.\u015e.<br \/><img decoding=\"async\" data-src=\"https:\/\/www.kasra.com.tr\/site_images\/square.gif\" alt=\"\" width=\"8\" height=\"8\" src=\"data:image\/svg+xml;base64,PHN2ZyB3aWR0aD0iMSIgaGVpZ2h0PSIxIiB4bWxucz0iaHR0cDovL3d3dy53My5vcmcvMjAwMC9zdmciPjwvc3ZnPg==\" class=\"lazyload\" style=\"--smush-placeholder-width: 8px; --smush-placeholder-aspect-ratio: 8\/8;\" \/> Generali Sigorta A.\u015e.<br \/><img decoding=\"async\" data-src=\"https:\/\/www.kasra.com.tr\/site_images\/square.gif\" alt=\"\" width=\"8\" height=\"8\" src=\"data:image\/svg+xml;base64,PHN2ZyB3aWR0aD0iMSIgaGVpZ2h0PSIxIiB4bWxucz0iaHR0cDovL3d3dy53My5vcmcvMjAwMC9zdmciPjwvc3ZnPg==\" class=\"lazyload\" style=\"--smush-placeholder-width: 8px; --smush-placeholder-aspect-ratio: 8\/8;\" \/> Allianz Hayat ve Emeklilik A.\u015e.<br \/><img decoding=\"async\" data-src=\"https:\/\/www.kasra.com.tr\/site_images\/square.gif\" alt=\"\" width=\"8\" height=\"8\" src=\"data:image\/svg+xml;base64,PHN2ZyB3aWR0aD0iMSIgaGVpZ2h0PSIxIiB4bWxucz0iaHR0cDovL3d3dy53My5vcmcvMjAwMC9zdmciPjwvc3ZnPg==\" class=\"lazyload\" style=\"--smush-placeholder-width: 8px; --smush-placeholder-aspect-ratio: 8\/8;\" \/> Allianz Ya\u015fam ve Emeklilik A.\u015e.<\/p>\n<h3>Our Principles<\/h3>\n<p>Before- and after-sales services are very important in all lines of business, but they are of even greater importance in the insurance business. Most policies are issued annually. During the policy period, all claims or other requirements are handled by the agent and the insurance company. Therefore, careful and more experienced clients prefer to work with reliable agents with good references and with companies that are eligible to solve their problems, instead of choosing a company just because its prices are cheaper. Some of Kasra\u2019s distinguishable principles are as follows.<\/p>\n<p><strong>Personal rating system<\/strong><\/p>\n<p>Our computer based system quotes the optimum price according to your personal specifications and needs<\/p>\n<p><strong>Claims supervision service<\/strong><\/p>\n<p>The supervisors working in our claims department are ready to help you at any time.<\/p>\n<p><strong>Wide range of policies<\/strong><\/p>\n<p>Our Company offers its clients a wide range of policies in any line of insurance and from a wide variety of insurance companies, from which you can select the policy that matches your personal specifications and fulfills your needs the best.<\/p>\n<p><strong>Periodical visits<\/strong><\/p>\n<p>Clients are visited periodically for their requirements on insurances.<\/p>\n<p><strong>Friendly service, less formality and no red tape<\/strong><\/p>\n<p>Customer care is very important for us.<\/p>\n<p><strong>Prompt claims settlement<\/strong><\/p>\n<p>Claims are settled promptly.<\/p>\n<p><strong>Mobile team service<\/strong><\/p>\n<p>Our mobile team brings the insurance service right into the workplace of the client.<\/p>\n<p><strong>Honesty and transparency<\/strong><\/p>\n<p>Honesty is our main principle. We never mislead our customers.<\/p>\n<p><strong>Each client is part of the family<\/strong><\/p>\n<p>We protect the interests of our clients and try to give them the maximum the coverage at the lowest rates. During the policy period we introduce our new products and inform our clients of any price changes that are to their advantage.<\/p>\n<\/div>\n<p>[\/et_pb_text][\/et_pb_column][\/et_pb_row][\/et_pb_section]<\/p>\n","protected":false},"excerpt":{"rendered":"<p>About KasraWith its expertise and experience of over 45 years, Kasra is among the pioneers of the Turkish insurance sector. Kasra was founded in 1975 by a group of insurance directors and specialists, with an expertise and experience stretching back for more than 40 years. In a very short time Kasra built up an unprecedented [&hellip;]<\/p>\n","protected":false},"author":2,"featured_media":0,"parent":0,"menu_order":100,"comment_status":"closed","ping_status":"closed","template":"","meta":{"_et_pb_use_builder":"on","_et_pb_old_content":"[vc_row css=\".vc_custom_1410386290650{padding-right: 0px !important;}\"][vc_column][vc_column_text]<img class=\"aligncenter size-full wp-image-178\" src=\"https:\/\/www.kasra.com.tr\/wp-content\/uploads\/2013\/12\/kasra-hakkinda250.jpg\" alt=\"kasra-hakkinda250\" width=\"1200\" height=\"250\" \/>[\/vc_column_text][\/vc_column][\/vc_row][vc_row el_class=\"pagepadpad\" bg_fill=\"cover\"][vc_column][vc_column_text]\r\n<h1>Kasra Hakk\u0131nda<\/h1>\r\n[\/vc_column_text][headline_box text=\"45 y\u0131l\u0131 a\u015fk\u0131n deneyimi ve uzmanl\u0131\u011f\u0131yla Kasra, sigorta sekt\u00f6r\u00fcn\u00fcn \u00f6nc\u00fc \u015firketlerindendir.\"][\/vc_column][\/vc_row][vc_row bg_fill=\"cover\" el_class=\"pagepadpad\"][vc_column][vc_column_text]\r\n<div id=\"page-7\">\r\n<h3><img class=\"alignleft size-full wp-image-31\" style=\"font-size: 1rem; line-height: 1.572; color: #444444;\" src=\"https:\/\/www.kasra.com.tr\/wp-content\/uploads\/2013\/12\/kasra-hakkinda-shd.jpg\" alt=\"kasra-hakkinda-shd\" width=\"300\" height=\"342\" \/><\/h3>\r\n<div>\r\n<div><span style=\"line-height: 1.572; font-size: 1rem;\">Kasra 1975 y\u0131l\u0131nda sigortac\u0131l\u0131kta deneyim sahibi \u00fc\u00e7 orta\u011f\u0131n giri\u015fimi ile kurulmu\u015ftur. 1976 y\u0131l\u0131nda ise Anonim \u015eirkete d\u00f6n\u00fc\u015ferek T\u00fcrkiye\u2019nin en b\u00fcy\u00fck sigorta acentas\u0131 s\u0131fat\u0131n\u0131 kazanm\u0131\u015ft\u0131r. Kasra bug\u00fcn 45 y\u0131l\u0131 a\u015fk\u0131n deneyimi ve uzmanl\u0131\u011f\u0131yla sigorta sekt\u00f6r\u00fcn\u00fcn \u00f6nc\u00fc \u015firketlerindendir.<\/span><\/div>\r\nKasra, bug\u00fcne kadar Do\u011fan Sigorta A.\u015e., Atlantik Sigorta A.\u015e.,Cigna ve \u015eark Sigorta\u2019n\u0131n acental\u0131klar\u0131n\u0131 ba\u015far\u0131 ile y\u00fcr\u00fctm\u00fc\u015ft\u00fcr.\r\n\r\nKasra\u2019n\u0131n \u201cA\u201d tipi acenteli\u011fini s\u00fcrd\u00fcrd\u00fc\u011f\u00fc sigorta \u015firketleri a\u015fa\u011f\u0131da s\u0131ralanm\u0131\u015ft\u0131r:\r\n\r\n<img src=\"https:\/\/www.kasra.com.tr\/site_images\/square.gif\" alt=\"\" width=\"8\" height=\"8\" \/> Allianz Sigorta A.\u015e.\r\n<img src=\"https:\/\/www.kasra.com.tr\/site_images\/square.gif\" alt=\"\" width=\"8\" height=\"8\" \/> Anadolu Anonim T\u00fcrk Sigorta \u015eirketi\r\n<img src=\"https:\/\/www.kasra.com.tr\/site_images\/square.gif\" alt=\"\" width=\"8\" height=\"8\" \/> Ak Sigorta A.\u015e.\r\n<img src=\"https:\/\/www.kasra.com.tr\/site_images\/square.gif\" alt=\"\" width=\"8\" height=\"8\" \/> Zurich Sigorta A.\u015e.\r\n<img src=\"https:\/\/www.kasra.com.tr\/site_images\/square.gif\" alt=\"\" width=\"8\" height=\"8\" \/> Generali Sigorta A.\u015e.\r\n<img src=\"https:\/\/www.kasra.com.tr\/site_images\/square.gif\" alt=\"\" width=\"8\" height=\"8\" \/> Allianz Hayat ve Emeklilik A.\u015e.\r\n<img src=\"https:\/\/www.kasra.com.tr\/site_images\/square.gif\" alt=\"\" width=\"8\" height=\"8\" \/> Allianz Ya\u015fam ve Emeklilik A.\u015e.\r\n<h3>Prensiplerimiz<\/h3>\r\nBir\u00e7ok meslek dal\u0131nda oldu\u011fu gibi, sigortac\u0131l\u0131kta da sat\u0131\u015f \u00f6ncesi ve sat\u0131\u015f sonras\u0131 hizmet \u00e7ok \u00f6nemlidir. Sigorta poli\u00e7eleri genellikle 1 y\u0131l i\u00e7in akdedilmektedir. Bu s\u00fcre i\u00e7inde do\u011fabilecek hasarlar ve di\u011fer m\u00fc\u015fteri istekleri, poli\u00e7eyi ald\u0131\u011f\u0131n\u0131z acente ve onun arkas\u0131ndaki sigorta \u015firketi taraf\u0131ndan sonu\u00e7land\u0131r\u0131lacakt\u0131r. Bu nedenle bilin\u00e7li m\u00fc\u015fteriler se\u00e7imlerini yaparken, kendilerine problemlerini \u00e7\u00f6zme konusunda g\u00fcven veren ve iyi referanslara sahip acentelerle \u00e7al\u0131\u015fmay\u0131 tercih etmektedirler. \u015eirketimizi di\u011ferlerinden \u00fcst\u00fcn k\u0131lan baz\u0131 \u00e7al\u0131\u015fma prensip ve y\u00f6ntemlerimiz a\u015fa\u011f\u0131da s\u0131ralanm\u0131\u015ft\u0131r.\r\n\r\n<strong>Ki\u015fisel fiyatland\u0131rma sistemi<\/strong>\r\n\r\n\u00d6zellikleriniz dikkate al\u0131narak siz ve size ait de\u011ferler i\u00e7in bilgisayar tabanl\u0131 sistemimiz, m\u00fcmk\u00fcn olabilecek en d\u00fc\u015f\u00fck fiyattan priminizi hesaplar.\r\n\r\n<strong>Hasar dan\u0131\u015fmanl\u0131\u011f\u0131 servisi<\/strong>\r\n\r\nHasar servisi b\u00fcnyesindeki dan\u0131\u015fmanlar grubu, size her an bilgi vermeye haz\u0131rd\u0131rlar.\r\n\r\n<strong>\u00c7ok \u00e7e\u015fitli \u00fcr\u00fcn yelpazesi<\/strong>\r\n\r\nAcenteli\u011fimiz, muhtelif sigorta \u015firketlerinin her bran\u015f i\u00e7in \u00fcretti\u011fi \u00e7ok \u00e7e\u015fitli poli\u00e7eyi m\u00fc\u015fterisinin se\u00e7imine sunabilmektedir. B\u00f6ylece, m\u00fc\u015fterilerinin \u00f6zelliklerine g\u00f6re \u00e7ok say\u0131da indirimi uygulayarak herkesin b\u00fct\u00e7e ve be\u011fenisine uygun bir poli\u00e7e sunmak m\u00fcmk\u00fcn olmaktad\u0131r.\r\n\r\n<strong>Periyodik ziyaretler<\/strong>\r\n\r\nM\u00fc\u015fteri temsilcilerimiz, y\u0131lda en az birka\u00e7 defa m\u00fc\u015fterilerimizi ziyaret ederek isteklerini \u00f6\u011frenir, sorular\u0131n\u0131 cevapland\u0131r\u0131rlar.\r\n\r\n<strong>\u00dccretsiz dan\u0131\u015fmanl\u0131k<\/strong>\r\n\r\nM\u00fc\u015fterimiz olun veya olmay\u0131n, sigorta konusunda \u00f6\u011frenmek istediklerinizi uzmanlar\u0131m\u0131za dan\u0131\u015fabilirsiniz.\r\n\r\n<strong>D\u00fcr\u00fcstl\u00fck ve a\u00e7\u0131kl\u0131k<\/strong>\r\n\r\nD\u00fcr\u00fcstl\u00fck ana prensibimizdir. M\u00fc\u015fterilerimize, hi\u00e7 bir zaman yan\u0131lt\u0131c\u0131 bilgi verilmez.\r\n\r\n<strong>G\u00fcler y\u00fczl\u00fc, formalitesiz servis<\/strong>\r\n\r\nBizim i\u00e7in m\u00fc\u015fteri tatmini \u00f6nemlidir.\r\n\r\n<strong>S\u00fcratli hasar \u00f6demesi<\/strong>\r\n\r\nHasarlar, b\u00fcy\u00fck bir s\u00fcratle sonu\u00e7land\u0131r\u0131l\u0131r.\r\n\r\n<strong>Mobil tim servisi<\/strong>\r\n\r\nGezici ekibimiz, hizmeti m\u00fc\u015fterinin i\u015fyeri ve evine kadar g\u00f6t\u00fcr\u00fcr.\r\n\r\n<strong>Her m\u00fc\u015fterimiz ailemizin bir par\u00e7as\u0131d\u0131r<\/strong>\r\n\r\nM\u00fc\u015fterimizin menfaatlerini s\u00fcrekli olarak g\u00f6zetir ve onun en d\u00fc\u015f\u00fck fiyatla en geni\u015f teminat\u0131 almas\u0131n\u0131 sa\u011flar\u0131z. Ayr\u0131ca yeni \u00fcr\u00fcnlerimizi ve onun lehine olan fiyat de\u011fi\u015fikliklerini ona duyururuz.\r\n\r\n<\/div>\r\n<\/div>\r\n[\/vc_column_text][\/vc_column][\/vc_row]","_et_gb_content_width":"","footnotes":""},"aioseo_notices":[],"_links":{"self":[{"href":"https:\/\/www.kasra.com.tr\/en\/wp-json\/wp\/v2\/pages\/94"}],"collection":[{"href":"https:\/\/www.kasra.com.tr\/en\/wp-json\/wp\/v2\/pages"}],"about":[{"href":"https:\/\/www.kasra.com.tr\/en\/wp-json\/wp\/v2\/types\/page"}],"author":[{"embeddable":true,"href":"https:\/\/www.kasra.com.tr\/en\/wp-json\/wp\/v2\/users\/2"}],"replies":[{"embeddable":true,"href":"https:\/\/www.kasra.com.tr\/en\/wp-json\/wp\/v2\/comments?post=94"}],"version-history":[{"count":0,"href":"https:\/\/www.kasra.com.tr\/en\/wp-json\/wp\/v2\/pages\/94\/revisions"}],"wp:attachment":[{"href":"https:\/\/www.kasra.com.tr\/en\/wp-json\/wp\/v2\/media?parent=94"}],"curies":[{"name":"wp","href":"https:\/\/api.w.org\/{rel}","templated":true}]}}