{"id":92,"date":"2013-12-23T11:30:02","date_gmt":"2013-12-23T09:30:02","guid":{"rendered":"http:\/\/www.kasra.com.tr\/?page_id=92"},"modified":"2022-02-25T15:37:55","modified_gmt":"2022-02-25T12:37:55","slug":"types-of-insurance","status":"publish","type":"page","link":"https:\/\/www.kasra.com.tr\/en\/types-of-insurance\/","title":{"rendered":"Types of Insurance"},"content":{"rendered":"<p>[et_pb_section fb_built=&#8221;1&#8243; fullwidth=&#8221;on&#8221; _builder_version=&#8221;4.14.8&#8243; _module_preset=&#8221;default&#8221; global_colors_info=&#8221;{}&#8221;][et_pb_fullwidth_image src=&#8221;https:\/\/www.kasra.com.tr\/wp-content\/uploads\/2013\/12\/sigorta-cesitleri250.jpg&#8221; title_text=&#8221;sigorta-cesitleri250&#8243; _builder_version=&#8221;4.14.8&#8243; _module_preset=&#8221;default&#8221; global_colors_info=&#8221;{}&#8221;][\/et_pb_fullwidth_image][\/et_pb_section][et_pb_section fb_built=&#8221;1&#8243; admin_label=&#8221;section&#8221; _builder_version=&#8221;4.14.8&#8243; custom_padding=&#8221;30px||||false|false&#8221; global_colors_info=&#8221;{}&#8221;][et_pb_row admin_label=&#8221;row&#8221; _builder_version=&#8221;3.25&#8243; background_size=&#8221;initial&#8221; background_position=&#8221;top_left&#8221; background_repeat=&#8221;repeat&#8221; global_colors_info=&#8221;{}&#8221;][et_pb_column type=&#8221;4_4&#8243; _builder_version=&#8221;3.25&#8243; custom_padding=&#8221;|||&#8221; global_colors_info=&#8221;{}&#8221; custom_padding__hover=&#8221;|||&#8221;][et_pb_text admin_label=&#8221;Text&#8221; _builder_version=&#8221;4.14.8&#8243; background_size=&#8221;initial&#8221; background_position=&#8221;top_left&#8221; background_repeat=&#8221;repeat&#8221; hover_enabled=&#8221;0&#8243; global_colors_info=&#8221;{}&#8221; sticky_enabled=&#8221;0&#8243;]<\/p>\n<h1>Types of Insurance<\/h1>\n<p>[\/et_pb_text][et_pb_text _builder_version=&#8221;4.14.8&#8243; _module_preset=&#8221;default&#8221; header_text_color=&#8221;#33cc00&#8243; header_2_text_align=&#8221;center&#8221; header_2_text_color=&#8221;#33cc00&#8243; custom_margin=&#8221;80px||80px||true|false&#8221; custom_padding=&#8221;10px||||false|false&#8221; hover_enabled=&#8221;0&#8243; border_width_top=&#8221;8px&#8221; border_color_top=&#8221;#f4f4f4&#8243; border_width_bottom=&#8221;8px&#8221; border_color_bottom=&#8221;#f4f4f4&#8243; global_colors_info=&#8221;{}&#8221; sticky_enabled=&#8221;0&#8243;]<\/p>\n<h2>Under Construction<\/h2>\n<p>[\/et_pb_text][\/et_pb_column][\/et_pb_row][\/et_pb_section]<\/p>\n","protected":false},"excerpt":{"rendered":"<p>Types of InsuranceUnder Construction<\/p>\n","protected":false},"author":2,"featured_media":0,"parent":0,"menu_order":200,"comment_status":"closed","ping_status":"closed","template":"","meta":{"_et_pb_use_builder":"on","_et_pb_old_content":"[vc_row][vc_column][vc_column_text]<img class=\"aligncenter size-full wp-image-183\" alt=\"sigorta-cesitleri250\" src=\"https:\/\/www.kasra.com.tr\/wp-content\/uploads\/2013\/12\/sigorta-cesitleri250.jpg\" width=\"1200\" height=\"250\" \/>[\/vc_column_text][\/vc_column][\/vc_row][vc_row el_class=\"pagepadpad\" bg_fill=\"cover\" inertia=\"0.1\"][vc_column width=\"1\/1\"][vc_column_text]\r\n<h1 style=\"margin-top: -20px;\">Sigorta \u00c7e\u015fitleri<\/h1>\r\n[\/vc_column_text][\/vc_column][\/vc_row][vc_row el_class=\"pagepadpad\" bg_fill=\"cover\" inertia=\"0.1\"][vc_column width=\"1\/1\"][vc_column_text]\r\n<h2>Yap\u0131m a\u015famas\u0131nda<\/h2>\r\n[\/vc_column_text][\/vc_column][\/vc_row]","_et_gb_content_width":"","footnotes":""},"aioseo_notices":[],"_links":{"self":[{"href":"https:\/\/www.kasra.com.tr\/en\/wp-json\/wp\/v2\/pages\/92"}],"collection":[{"href":"https:\/\/www.kasra.com.tr\/en\/wp-json\/wp\/v2\/pages"}],"about":[{"href":"https:\/\/www.kasra.com.tr\/en\/wp-json\/wp\/v2\/types\/page"}],"author":[{"embeddable":true,"href":"https:\/\/www.kasra.com.tr\/en\/wp-json\/wp\/v2\/users\/2"}],"replies":[{"embeddable":true,"href":"https:\/\/www.kasra.com.tr\/en\/wp-json\/wp\/v2\/comments?post=92"}],"version-history":[{"count":0,"href":"https:\/\/www.kasra.com.tr\/en\/wp-json\/wp\/v2\/pages\/92\/revisions"}],"wp:attachment":[{"href":"https:\/\/www.kasra.com.tr\/en\/wp-json\/wp\/v2\/media?parent=92"}],"curies":[{"name":"wp","href":"https:\/\/api.w.org\/{rel}","templated":true}]}}