{"id":78,"date":"2013-12-23T12:20:17","date_gmt":"2013-12-23T10:20:17","guid":{"rendered":"http:\/\/www.kasra.com.tr\/?page_id=78"},"modified":"2022-02-25T15:40:13","modified_gmt":"2022-02-25T12:40:13","slug":"claims","status":"publish","type":"page","link":"https:\/\/www.kasra.com.tr\/en\/claims\/","title":{"rendered":"Claims"},"content":{"rendered":"<p>[et_pb_section fb_built=&#8221;1&#8243; fullwidth=&#8221;on&#8221; _builder_version=&#8221;4.14.8&#8243; _module_preset=&#8221;default&#8221; global_colors_info=&#8221;{}&#8221;][et_pb_fullwidth_image src=&#8221;https:\/\/www.kasra.com.tr\/wp-content\/uploads\/2013\/12\/hasar250.jpg&#8221; title_text=&#8221;Traffic accident &#8211; one driver on the mobile phone, second expressing anger&#8221; _builder_version=&#8221;4.14.8&#8243; _module_preset=&#8221;default&#8221; global_colors_info=&#8221;{}&#8221;][\/et_pb_fullwidth_image][\/et_pb_section][et_pb_section fb_built=&#8221;1&#8243; admin_label=&#8221;section&#8221; _builder_version=&#8221;4.14.8&#8243; custom_padding=&#8221;30px||||false|false&#8221; global_colors_info=&#8221;{}&#8221;][et_pb_row admin_label=&#8221;row&#8221; _builder_version=&#8221;3.25&#8243; background_size=&#8221;initial&#8221; background_position=&#8221;top_left&#8221; background_repeat=&#8221;repeat&#8221; global_colors_info=&#8221;{}&#8221;][et_pb_column type=&#8221;4_4&#8243; _builder_version=&#8221;3.25&#8243; custom_padding=&#8221;|||&#8221; global_colors_info=&#8221;{}&#8221; custom_padding__hover=&#8221;|||&#8221;][et_pb_text admin_label=&#8221;Text&#8221; _builder_version=&#8221;4.14.8&#8243; background_size=&#8221;initial&#8221; background_position=&#8221;top_left&#8221; background_repeat=&#8221;repeat&#8221; hover_enabled=&#8221;0&#8243; global_colors_info=&#8221;{}&#8221; sticky_enabled=&#8221;0&#8243;]<\/p>\n<h1>Claims<\/h1>\n<p>[\/et_pb_text][et_pb_text _builder_version=&#8221;4.14.8&#8243; _module_preset=&#8221;default&#8221; header_text_color=&#8221;#33cc00&#8243; header_2_text_align=&#8221;center&#8221; header_2_text_color=&#8221;#33cc00&#8243; custom_padding=&#8221;10px||||false|false&#8221; hover_enabled=&#8221;0&#8243; border_width_top=&#8221;8px&#8221; border_color_top=&#8221;#f4f4f4&#8243; border_width_bottom=&#8221;8px&#8221; border_color_bottom=&#8221;#f4f4f4&#8243; global_colors_info=&#8221;{}&#8221; sticky_enabled=&#8221;0&#8243;]<\/p>\n<h2>For claims call your agent Kasra as soon as possible.<\/h2>\n<p>[\/et_pb_text][et_pb_text admin_label=&#8221;Text&#8221; _builder_version=&#8221;4.14.8&#8243; background_size=&#8221;initial&#8221; background_position=&#8221;top_left&#8221; background_repeat=&#8221;repeat&#8221; hover_enabled=&#8221;0&#8243; global_colors_info=&#8221;{}&#8221; sticky_enabled=&#8221;0&#8243;]<\/p>\n<p><strong>During Office Hours :<\/strong><\/p>\n<p><strong>0 312 468 0 468<\/strong><br \/><strong>0 312 468 00 50<\/strong><br \/><strong>0 312 426 9 444 (Claims Department)<\/strong><\/p>\n<p>In case of emergency you can also call the emergency lines of the insurance company you are insured with.<\/p>\n<p>In any case call KASRA the next day and notify us for your claim so that we can follow up your file.Please check your policy and note the telephone of the relevant insurance company.<\/p>\n<p>[\/et_pb_text][et_pb_text admin_label=&#8221;Text&#8221; _builder_version=&#8221;4.14.8&#8243; background_size=&#8221;initial&#8221; background_position=&#8221;top_left&#8221; background_repeat=&#8221;repeat&#8221; hover_enabled=&#8221;0&#8243; global_colors_info=&#8221;{}&#8221; sticky_enabled=&#8221;0&#8243;]<\/p>\n\n<table id=\"tablepress-2\" class=\"tablepress tablepress-id-2\">\n<thead>\n<tr class=\"row-1\">\n\t<th class=\"column-1\">Company Name<\/th><th class=\"column-2\">Contact<\/th>\n<\/tr>\n<\/thead>\n<tbody>\n<tr class=\"row-2\">\n\t<td class=\"column-1\"><strong><a href=\"http:\/\/www.allianz.com.tr\/\" target=\"_blank\">Allianz Sigorta<\/a><\/strong><br \/>\n24\/7 for Ambulance and Asistans<\/td><td class=\"column-2\">0850 399 9999<br \/>\n<a href=\"http:\/\/www.allianz.com.tr\/\" target=\"_blank\">http:\/\/www.allianz.com.tr<\/a><\/td>\n<\/tr>\n<tr class=\"row-3\">\n\t<td class=\"column-1\"><strong><a href=\"http:\/\/www.anadolusigorta.com.tr\/\" target=\"_blank\">Anadolu Sigorta<\/a><\/strong><br \/>\n\u00c7\u00f6z\u00fcm Hatt\u0131 7\/24<\/td><td class=\"column-2\">0850 724 0850<br \/>\n<a href=\"http:\/\/www.anadolusigorta.com.tr\/\" target=\"_blank\">http:\/\/www.anadolusigorta.com.tr\/<\/a><\/td>\n<\/tr>\n<tr class=\"row-4\">\n\t<td class=\"column-1\"><strong><a href=\"http:\/\/www.aksigorta.com.tr\/\" target=\"_blank\">Aksigorta<\/a><\/strong><br \/>\n24\/7<\/td><td class=\"column-2\">444 27 27<br \/>\n<a href=\"http:\/\/www.aksigorta.com.tr\/\" target=\"_blank\">http:\/\/www.aksigorta.com.tr<\/a><\/td>\n<\/tr>\n<tr class=\"row-5\">\n\t<td class=\"column-1\"><strong><a href=\"http:\/\/www.zurichsigorta.com.tr\" target=\"_blank\">Zurich Sigorta<\/a><\/strong><br \/>\nZurich Sigorta Help Line 24\/7<\/td><td class=\"column-2\">0850 250 75 00<br \/>\n<a href=\"http:\/\/www.zurichsigorta.com.tr\" target=\"_blank\">http:\/\/www.zurichsigorta.com.tr<\/a><\/td>\n<\/tr>\n<tr class=\"row-6\">\n\t<td class=\"column-1\"><strong><a href=\"http:\/\/www.generali.com.tr\" target=\"_blank\">Generali Sigorta<\/a><\/strong><br \/>\nClaim Info Line 24\/7<\/td><td class=\"column-2\">0850 555 55 55<br \/>\n<a href=\"http:\/\/www.generali.com.tr\" target=\"_blank\">http:\/\/www.generali.com.tr<\/a><\/td>\n<\/tr>\n<\/tbody>\n<\/table>\n<!-- #tablepress-2 from cache -->\n<p>[\/et_pb_text][\/et_pb_column][\/et_pb_row][\/et_pb_section]<\/p>\n","protected":false},"excerpt":{"rendered":"<p>ClaimsFor claims call your agent Kasra as soon as possible.During Office Hours : 0 312 468 0 4680 312 468 00 500 312 426 9 444 (Claims Department) In case of emergency you can also call the emergency lines of the insurance company you are insured with. In any case call KASRA the next day [&hellip;]<\/p>\n","protected":false},"author":2,"featured_media":0,"parent":0,"menu_order":400,"comment_status":"closed","ping_status":"closed","template":"","meta":{"_et_pb_use_builder":"on","_et_pb_old_content":"[vc_row][vc_column width=\"1\/1\"][vc_column_text]<img class=\"aligncenter size-full wp-image-233\" src=\"https:\/\/www.kasra.com.tr\/wp-content\/uploads\/2013\/12\/hasar250.jpg\" alt=\"Traffic accident - one driver on the mobile phone, second expressing anger\" width=\"1200\" height=\"250\" \/>[\/vc_column_text][\/vc_column][\/vc_row][vc_row el_class=\"pagepadpad\" bg_fill=\"cover\" inertia=\"0.1\"][vc_column width=\"1\/1\"][vc_column_text]\r\n<h1 style=\"margin-top: -20px;\">Hasar<\/h1>\r\n[\/vc_column_text][headline_box text=\" Bir hasar s\u00f6z konusu oldu\u011funda hemen acenteniz Kasra'y\u0131 aray\u0131n.\"][\/vc_column][\/vc_row][vc_row el_class=\"pagepadpad\" bg_fill=\"cover\" inertia=\"0.1\"][vc_column][vc_column_text]<strong>Mesai saatleri i\u00e7inde :<\/strong>\r\n\r\n0 312 468 0 468\r\n0 312 468 00 50\r\n0 312 426 9 444 (Hasar Departman\u0131)\r\n\r\nAcil bir durum s\u00f6z konusu oldu\u011funda sigortal\u0131 oldu\u011funuz Sigorta \u015firketinin Yard\u0131m Hatlar\u0131n\u0131 da arayabilirsiniz. Ancak, ertesi g\u00fcn mutlaka bizi de aray\u0131n\u0131z ve hasar\u0131n\u0131zdan haberdar ediniz.\r\n\r\nL\u00fctfen poli\u00e7enizi kontrol ederek ba\u011fl\u0131 bulundu\u011funuz sigorta \u015firketinin yard\u0131m servis telefonunu kaydedin.\r\n\r\n[\/vc_column_text][vc_column_text][table id=1 \/][\/vc_column_text][\/vc_column][\/vc_row]","_et_gb_content_width":"","footnotes":""},"aioseo_notices":[],"_links":{"self":[{"href":"https:\/\/www.kasra.com.tr\/en\/wp-json\/wp\/v2\/pages\/78"}],"collection":[{"href":"https:\/\/www.kasra.com.tr\/en\/wp-json\/wp\/v2\/pages"}],"about":[{"href":"https:\/\/www.kasra.com.tr\/en\/wp-json\/wp\/v2\/types\/page"}],"author":[{"embeddable":true,"href":"https:\/\/www.kasra.com.tr\/en\/wp-json\/wp\/v2\/users\/2"}],"replies":[{"embeddable":true,"href":"https:\/\/www.kasra.com.tr\/en\/wp-json\/wp\/v2\/comments?post=78"}],"version-history":[{"count":0,"href":"https:\/\/www.kasra.com.tr\/en\/wp-json\/wp\/v2\/pages\/78\/revisions"}],"wp:attachment":[{"href":"https:\/\/www.kasra.com.tr\/en\/wp-json\/wp\/v2\/media?parent=78"}],"curies":[{"name":"wp","href":"https:\/\/api.w.org\/{rel}","templated":true}]}}