{"id":132,"date":"2013-12-23T10:57:48","date_gmt":"2013-12-23T08:57:48","guid":{"rendered":"http:\/\/www.kasra.com.tr\/?page_id=132"},"modified":"2022-02-25T15:32:55","modified_gmt":"2022-02-25T12:32:55","slug":"ana-sayfa","status":"publish","type":"page","link":"https:\/\/www.kasra.com.tr\/en\/","title":{"rendered":"Home"},"content":{"rendered":"<p>[et_pb_section fb_built=&#8221;1&#8243; fullwidth=&#8221;on&#8221; _builder_version=&#8221;4.14.8&#8243; _module_preset=&#8221;default&#8221; global_colors_info=&#8221;{}&#8221;][et_pb_fullwidth_slider _builder_version=&#8221;4.14.8&#8243; _module_preset=&#8221;default&#8221; hover_enabled=&#8221;0&#8243; global_colors_info=&#8221;{}&#8221; sticky_enabled=&#8221;0&#8243;][et_pb_slide heading=&#8221;Over 45 Years of Experience&#8221; arrows_custom_color=&#8221;#1f4ca5&#8243; dot_nav_custom_color=&#8221;#1f4ca5&#8243; _builder_version=&#8221;4.14.8&#8243; _module_preset=&#8221;default&#8221; header_text_color=&#8221;#1f4ca5&#8243; header_font_size=&#8221;40px&#8221; body_text_color=&#8221;#1f4ca5&#8243; body_font_size=&#8221;22px&#8221; body_line_height=&#8221;1.5em&#8221; background_enable_color=&#8221;off&#8221; background_image=&#8221;https:\/\/www.kasra.com.tr\/wp-content\/uploads\/2022\/02\/slide-1.jpg&#8221; background_enable_image=&#8221;on&#8221; text_orientation=&#8221;right&#8221; max_width=&#8221;600px&#8221; hover_enabled=&#8221;0&#8243; custom_css_slide_container=&#8221;float: right !important;&#8221; header_text_shadow_style=&#8221;preset1&#8243; header_text_shadow_color=&#8221;rgba(255,255,255,0.4)&#8221; body_text_shadow_style=&#8221;preset1&#8243; body_text_shadow_color=&#8221;#FFFFFF&#8221; global_colors_info=&#8221;{}&#8221; sticky_transition=&#8221;on&#8221; sticky_enabled=&#8221;0&#8243;]<\/p>\n<p>With its expertise and experience streching back for more than 45 years, Kasra is among the pioneers of the Turkish insurance sector <\/p>\n<p>[\/et_pb_slide][et_pb_slide heading=&#8221;Travelling Abroad&#8221; _builder_version=&#8221;4.14.8&#8243; _module_preset=&#8221;default&#8221; header_text_color=&#8221;#FFFFFF&#8221; header_font_size=&#8221;40px&#8221; body_text_color=&#8221;#FFFFFF&#8221; body_font_size=&#8221;22px&#8221; body_line_height=&#8221;1.5em&#8221; background_enable_color=&#8221;off&#8221; background_image=&#8221;https:\/\/www.kasra.com.tr\/wp-content\/uploads\/2013\/12\/seyahat-yurt-disi-seyahat-sigortalari1200.jpg&#8221; background_enable_image=&#8221;on&#8221; text_orientation=&#8221;right&#8221; max_width=&#8221;600px&#8221; hover_enabled=&#8221;0&#8243; custom_css_slide_container=&#8221;float: right !important;&#8221; header_text_shadow_style=&#8221;preset1&#8243; body_text_shadow_style=&#8221;preset1&#8243; body_text_shadow_color=&#8221;rgba(0,0,0,0.69)&#8221; global_colors_info=&#8221;{}&#8221; sticky_transition=&#8221;on&#8221; sticky_enabled=&#8221;0&#8243;]<\/p>\n<p>Please contact us to learn more about our travel insurance and international health insurance offerings\u2026 <\/p>\n<p>[\/et_pb_slide][et_pb_slide heading=&#8221;Auto Insurance&#8221; _builder_version=&#8221;4.14.8&#8243; _module_preset=&#8221;default&#8221; header_text_color=&#8221;#FFFFFF&#8221; header_font_size=&#8221;40px&#8221; body_text_color=&#8221;#FFFFFF&#8221; body_font_size=&#8221;22px&#8221; body_line_height=&#8221;1.5em&#8221; background_enable_color=&#8221;off&#8221; background_image=&#8221;https:\/\/www.kasra.com.tr\/wp-content\/uploads\/2013\/12\/trafik-kasko-sigortalari1200.jpg&#8221; background_enable_image=&#8221;on&#8221; text_orientation=&#8221;right&#8221; max_width=&#8221;500px&#8221; hover_enabled=&#8221;0&#8243; custom_css_slide_container=&#8221;float: right !important;&#8221; header_text_shadow_style=&#8221;preset1&#8243; body_text_shadow_style=&#8221;preset1&#8243; body_text_shadow_color=&#8221;rgba(0,0,0,0.69)&#8221; global_colors_info=&#8221;{}&#8221; sticky_transition=&#8221;on&#8221; sticky_enabled=&#8221;0&#8243;]<\/p>\n<p>The widest selection and best prices for Third Party and Comprehensive Auto Policies <\/p>\n<p>[\/et_pb_slide][et_pb_slide heading=&#8221;With Kasra Beside You&#8221; _builder_version=&#8221;4.14.8&#8243; _module_preset=&#8221;default&#8221; header_text_color=&#8221;#FFFFFF&#8221; header_font_size=&#8221;40px&#8221; body_text_color=&#8221;#FFFFFF&#8221; body_font_size=&#8221;22px&#8221; body_line_height=&#8221;1.5em&#8221; background_enable_color=&#8221;off&#8221; background_image=&#8221;https:\/\/www.kasra.com.tr\/wp-content\/uploads\/2013\/12\/en-kotu-gununuzde-yaninizdayiz1200.jpg&#8221; background_enable_image=&#8221;on&#8221; text_orientation=&#8221;right&#8221; max_width=&#8221;500px&#8221; hover_enabled=&#8221;0&#8243; custom_css_slide_container=&#8221;float: right !important;&#8221; header_text_shadow_style=&#8221;preset1&#8243; body_text_shadow_style=&#8221;preset1&#8243; body_text_shadow_color=&#8221;rgba(0,0,0,0.69)&#8221; global_colors_info=&#8221;{}&#8221; sticky_transition=&#8221;on&#8221; sticky_enabled=&#8221;0&#8243;]<\/p>\n<p>We will be by your side, in rain or shine\u2026 <\/p>\n<p>[\/et_pb_slide][et_pb_slide _builder_version=&#8221;4.14.8&#8243; _module_preset=&#8221;default&#8221; header_text_color=&#8221;#FFFFFF&#8221; header_font_size=&#8221;40px&#8221; body_text_color=&#8221;#FFFFFF&#8221; body_font_size=&#8221;23px&#8221; body_line_height=&#8221;1.5em&#8221; background_enable_color=&#8221;off&#8221; background_image=&#8221;https:\/\/www.kasra.com.tr\/wp-content\/uploads\/2022\/02\/slide-simit.jpg&#8221; background_enable_image=&#8221;on&#8221; text_orientation=&#8221;right&#8221; max_width=&#8221;520px&#8221; hover_enabled=&#8221;0&#8243; custom_css_slide_container=&#8221;float: right !important;&#8221; header_text_shadow_style=&#8221;preset1&#8243; body_text_shadow_style=&#8221;preset1&#8243; body_text_shadow_color=&#8221;rgba(0,0,0,0.69)&#8221; global_colors_info=&#8221;{}&#8221; sticky_transition=&#8221;on&#8221; sticky_enabled=&#8221;0&#8243;]<\/p>\n<p>From automobile to home, from office to travel insurance, from health insurance to private pension plans, Kasra offers the best deals in all lines of insurance <\/p>\n<p>[\/et_pb_slide][\/et_pb_fullwidth_slider][\/et_pb_section][et_pb_section fb_built=&#8221;1&#8243; _builder_version=&#8221;4.14.8&#8243; _module_preset=&#8221;default&#8221; background_color=&#8221;#1f4ca5&#8243; custom_padding=&#8221;0px||0px||false|false&#8221; global_colors_info=&#8221;{}&#8221;][et_pb_row _builder_version=&#8221;4.14.8&#8243; _module_preset=&#8221;default&#8221; custom_padding=&#8221;10px||10px||false|false&#8221; global_colors_info=&#8221;{}&#8221;][et_pb_column type=&#8221;4_4&#8243; _builder_version=&#8221;4.14.8&#8243; _module_preset=&#8221;default&#8221; global_colors_info=&#8221;{}&#8221;][et_pb_text _builder_version=&#8221;4.14.8&#8243; _module_preset=&#8221;default&#8221; text_font=&#8221;|600|||||||&#8221; text_text_color=&#8221;#FFFFFF&#8221; header_2_text_align=&#8221;center&#8221; header_2_text_color=&#8221;#FFFFFF&#8221; header_2_line_height=&#8221;1.4em&#8221; hover_enabled=&#8221;0&#8243; global_colors_info=&#8221;{}&#8221; sticky_enabled=&#8221;0&#8243;]<\/p>\n<h2>You can reach us via phone or email:<br \/>\n<a href=\"tel:+903124680468\">0 312 468 0 468<\/a> | <a href=\"tel:+903124680050\">0 312 468 00 50<\/a> | <a href=\"tel:+903124680721\">0 312 468 07 21<\/a> | <a href=\"mailto:kasra@kasra.com.tr\">kasra@kasra.com.tr<\/a><\/h2>\n<p>[\/et_pb_text][\/et_pb_column][\/et_pb_row][\/et_pb_section][et_pb_section fb_built=&#8221;1&#8243; admin_label=&#8221;section&#8221; _builder_version=&#8221;4.14.8&#8243; custom_padding=&#8221;0px||0px||false|false&#8221; global_colors_info=&#8221;{}&#8221;][et_pb_row admin_label=&#8221;row&#8221; _builder_version=&#8221;3.25&#8243; background_size=&#8221;initial&#8221; background_position=&#8221;top_left&#8221; background_repeat=&#8221;repeat&#8221; global_colors_info=&#8221;{}&#8221;][et_pb_column type=&#8221;4_4&#8243; _builder_version=&#8221;3.25&#8243; custom_padding=&#8221;|||&#8221; global_colors_info=&#8221;{}&#8221; custom_padding__hover=&#8221;|||&#8221;][et_pb_text admin_label=&#8221;Text&#8221; _builder_version=&#8221;4.14.8&#8243; header_line_height=&#8221;1.3em&#8221; background_size=&#8221;initial&#8221; background_position=&#8221;top_left&#8221; background_repeat=&#8221;repeat&#8221; max_width=&#8221;740px&#8221; module_alignment=&#8221;center&#8221; hover_enabled=&#8221;0&#8243; global_colors_info=&#8221;{}&#8221; sticky_enabled=&#8221;0&#8243;]<\/p>\n<h1 style=\"text-align: center;\">The widest selection of insurance types, with the best prices from Turkey\u2019s leading insurance companies!<\/h1>\n<p>[\/et_pb_text][\/et_pb_column][\/et_pb_row][et_pb_row column_structure=&#8221;1_3,1_3,1_3&#8243; _builder_version=&#8221;4.14.8&#8243; _module_preset=&#8221;default&#8221; global_colors_info=&#8221;{}&#8221;][et_pb_column type=&#8221;1_3&#8243; _builder_version=&#8221;4.14.8&#8243; _module_preset=&#8221;default&#8221; global_colors_info=&#8221;{}&#8221;][et_pb_image src=&#8221;https:\/\/www.kasra.com.tr\/wp-content\/uploads\/2013\/12\/Allianz-Sigorta-250.png&#8221; title_text=&#8221;allianz-sigorta-250&#8243; align=&#8221;center&#8221; _builder_version=&#8221;4.14.8&#8243; _module_preset=&#8221;default&#8221; global_colors_info=&#8221;{}&#8221;][\/et_pb_image][\/et_pb_column][et_pb_column type=&#8221;1_3&#8243; _builder_version=&#8221;4.14.8&#8243; _module_preset=&#8221;default&#8221; global_colors_info=&#8221;{}&#8221;][et_pb_image src=&#8221;https:\/\/www.kasra.com.tr\/wp-content\/uploads\/2013\/12\/Anadolu-Sigorta-250.png&#8221; title_text=&#8221;anadolu-sigorta-250&#8243; align=&#8221;center&#8221; _builder_version=&#8221;4.14.8&#8243; _module_preset=&#8221;default&#8221; global_colors_info=&#8221;{}&#8221;][\/et_pb_image][\/et_pb_column][et_pb_column type=&#8221;1_3&#8243; _builder_version=&#8221;4.14.8&#8243; _module_preset=&#8221;default&#8221; global_colors_info=&#8221;{}&#8221;][et_pb_image src=&#8221;https:\/\/www.kasra.com.tr\/wp-content\/uploads\/2013\/12\/AKSigorta-250.png&#8221; title_text=&#8221;aksigorta-250&#8243; align=&#8221;center&#8221; _builder_version=&#8221;4.14.8&#8243; _module_preset=&#8221;default&#8221; global_colors_info=&#8221;{}&#8221;][\/et_pb_image][\/et_pb_column][\/et_pb_row][et_pb_row column_structure=&#8221;1_2,1_2&#8243; _builder_version=&#8221;4.14.8&#8243; _module_preset=&#8221;default&#8221; max_width=&#8221;700px&#8221; module_alignment=&#8221;center&#8221; global_colors_info=&#8221;{}&#8221;][et_pb_column type=&#8221;1_2&#8243; _builder_version=&#8221;4.14.8&#8243; _module_preset=&#8221;default&#8221; global_colors_info=&#8221;{}&#8221;][et_pb_image src=&#8221;https:\/\/www.kasra.com.tr\/wp-content\/uploads\/2013\/12\/zurichLogo.png&#8221; title_text=&#8221;zurichlogo&#8221; align=&#8221;center&#8221; _builder_version=&#8221;4.14.8&#8243; _module_preset=&#8221;default&#8221; global_colors_info=&#8221;{}&#8221;][\/et_pb_image][\/et_pb_column][et_pb_column type=&#8221;1_2&#8243; _builder_version=&#8221;4.14.8&#8243; _module_preset=&#8221;default&#8221; global_colors_info=&#8221;{}&#8221;][et_pb_image src=&#8221;https:\/\/www.kasra.com.tr\/wp-content\/uploads\/2013\/12\/Generali-Sigorta-250.png&#8221; title_text=&#8221;generali-sigorta-250&#8243; align=&#8221;center&#8221; _builder_version=&#8221;4.14.8&#8243; _module_preset=&#8221;default&#8221; global_colors_info=&#8221;{}&#8221;][\/et_pb_image][\/et_pb_column][\/et_pb_row][et_pb_row _builder_version=&#8221;4.14.8&#8243; _module_preset=&#8221;default&#8221; global_colors_info=&#8221;{}&#8221;][et_pb_column type=&#8221;4_4&#8243; _builder_version=&#8221;4.14.8&#8243; _module_preset=&#8221;default&#8221; global_colors_info=&#8221;{}&#8221;][\/et_pb_column][\/et_pb_row][\/et_pb_section]<\/p>\n","protected":false},"excerpt":{"rendered":"<p>With its expertise and experience streching back for more than 45 years, Kasra is among the pioneers of the Turkish insurance sector Please contact us to learn more about our travel insurance and international health insurance offerings\u2026 The widest selection and best prices for Third Party and Comprehensive Auto Policies We will be by your [&hellip;]<\/p>\n","protected":false},"author":2,"featured_media":0,"parent":0,"menu_order":0,"comment_status":"closed","ping_status":"closed","template":"","meta":{"_et_pb_use_builder":"on","_et_pb_old_content":"[vc_row bg_fill=\"cover\" css=\".vc_custom_1586014140688{background-color: #1f4ca5 !important;}\"][vc_column][vc_column_text css=\".vc_custom_1586014721635{border-top-width: 15px !important;padding-bottom: 15px !important;}\"]\r\n<h1 style=\"text-align: center;\"><span style=\"color: #ffffff;\">Bizlere buradan ula\u015fabilirsiniz:<\/span>\r\n<span style=\"color: #ffffff;\"><a style=\"color: #ffffff;\" href=\"tel:+903124680468\">0 312 468 0 468<\/a> | <a style=\"color: #ffffff;\" href=\"tel:+903124680050\">0 312 468 00 50<\/a> | <a style=\"color: #ffffff;\" href=\"tel:+903124680721\">0 312 468 07 21<\/a> | <a style=\"color: #ffffff;\" href=\"mailto:kasra@kasra.com.tr\">kasra@kasra.com.tr<\/a><\/span><\/h1>\r\n[\/vc_column_text][\/vc_column][\/vc_row][vc_row bg_fill=\"cover\"][vc_column][vc_column_text]\r\n<h1 style=\"text-align: center;\">T\u00fcrkiye\u2019nin \u00f6nde gelen sigorta \u015firketleri ile en geni\u015f sigorta se\u00e7ene\u011fi ve en uygun fiyatlar Kasra\u2019da!<\/h1>\r\n[\/vc_column_text][\/vc_column][\/vc_row][vc_row el_class=\"pagepadpad\" bg_fill=\"cover\"][vc_column width=\"1\/3\"][vc_single_image image=\"360\" img_size=\"full\" alignment=\"center\"][\/vc_column][vc_column width=\"1\/3\"][vc_single_image image=\"356\" img_size=\"full\" alignment=\"center\"][\/vc_column][vc_column width=\"1\/3\"][vc_single_image image=\"359\" img_size=\"full\" alignment=\"center\"][\/vc_column][\/vc_row][vc_row el_class=\"pagepadpad\" bg_fill=\"cover\"][vc_column width=\"1\/4\"][\/vc_column][vc_column width=\"1\/4\"][vc_single_image image=\"362\" img_size=\"full\" alignment=\"center\"][\/vc_column][vc_column width=\"1\/4\"][vc_single_image image=\"357\" img_size=\"full\" alignment=\"center\"][\/vc_column][vc_column width=\"1\/4\"][\/vc_column][\/vc_row][vc_row bg_fill=\"cover\"][vc_column css=\".vc_custom_1615560952590{padding-right: 40px !important;padding-left: 40px !important;}\"][vc_column_text]\r\n<p style=\"text-align: left;\"><strong>Kasra Sigorta Arac\u0131l\u0131k Hizmetleri A.\u015e.<\/strong>, Allianz Sigorta A.\u015e.,\u00a0Anadolu Anonim T\u00fcrk Sigorta \u015eirketi,\u00a0Ak Sigorta A.\u015e.,\u00a0Zurich Sigorta A.\u015e.,\u00a0Generali Sigorta A.\u015e.,\u00a0Allianz Hayat ve Emeklilik A.\u015e.,\u00a0Allianz Ya\u015fam ve Emeklilik A.\u015e. sigorta \u015firketlerinin acenteli\u011fini y\u00fcr\u00fctmektedir.<\/p>\r\n[\/vc_column_text][\/vc_column][\/vc_row]","_et_gb_content_width":"","footnotes":""},"aioseo_notices":[],"_links":{"self":[{"href":"https:\/\/www.kasra.com.tr\/en\/wp-json\/wp\/v2\/pages\/132"}],"collection":[{"href":"https:\/\/www.kasra.com.tr\/en\/wp-json\/wp\/v2\/pages"}],"about":[{"href":"https:\/\/www.kasra.com.tr\/en\/wp-json\/wp\/v2\/types\/page"}],"author":[{"embeddable":true,"href":"https:\/\/www.kasra.com.tr\/en\/wp-json\/wp\/v2\/users\/2"}],"replies":[{"embeddable":true,"href":"https:\/\/www.kasra.com.tr\/en\/wp-json\/wp\/v2\/comments?post=132"}],"version-history":[{"count":0,"href":"https:\/\/www.kasra.com.tr\/en\/wp-json\/wp\/v2\/pages\/132\/revisions"}],"wp:attachment":[{"href":"https:\/\/www.kasra.com.tr\/en\/wp-json\/wp\/v2\/media?parent=132"}],"curies":[{"name":"wp","href":"https:\/\/api.w.org\/{rel}","templated":true}]}}